{"id":1870,"date":"2023-12-18T17:24:04","date_gmt":"2023-12-18T17:24:04","guid":{"rendered":"https:\/\/artestrece.com\/?post_type=product&#038;p=1870"},"modified":"2025-10-30T17:54:24","modified_gmt":"2025-10-30T17:54:24","slug":"flor-de-aciano","status":"publish","type":"product","link":"https:\/\/artestrece.com\/en\/productos\/cuadros\/flor-de-aciano\/","title":{"rendered":"Aciano flower"},"content":{"rendered":"<p>Cuadro de madera con forma hexagonal con acuarela original de flor de aciano fabricado con materiales sostenibles.<\/p>\n<p>Painting made with manual tools, crafted from PEFC and FSC certified lime wood, finished with eco-friendly varnish.<\/p>\n<p>Fine-grain Arches watercolor paper, 100% cotton, 300 gsm. The watercolor is painted with professional watercolors, covered with 220 gsm mat board, and protected with acrylic glass. Color may vary slightly due to screen resolution.<\/p>\n<p>The back of the frame is sealed, and it has a metal wire attached with rings to the frame for hanging on the wall.<\/p>\n<p><strong>Measurements<\/strong><\/p>\n<p>26.6 x 30.9 cent\u00edmetros<\/p>","protected":false},"excerpt":{"rendered":"<p>Cuadro de madera con forma hexagonal con acuarela original de flor de aciano fabricado con materiales sostenibles.<\/p>\n<p>Painting made with manual tools, crafted from PEFC and FSC certified lime wood, finished with eco-friendly varnish.<\/p>\n<p>Fine-grain Arches watercolor paper, 100% cotton, 300 gsm. The watercolor is painted with professional watercolors, covered with 220 gsm mat board, and protected with acrylic glass. Color may vary slightly due to screen resolution.<\/p>\n<p>The back of the frame is sealed, and it has a metal wire attached with rings to the frame for hanging on the wall.<\/p>\n<p><strong>Measurements<\/strong><\/p>\n<p>26.6 x 30.9 cent\u00edmetros<\/p>","protected":false},"featured_media":3615,"comment_status":"closed","ping_status":"closed","template":"","meta":{"_uag_custom_page_level_css":"","site-sidebar-layout":"default","site-content-layout":"","ast-site-content-layout":"default","site-content-style":"default","site-sidebar-style":"default","ast-global-header-display":"","ast-banner-title-visibility":"","ast-main-header-display":"","ast-hfb-above-header-display":"","ast-hfb-below-header-display":"","ast-hfb-mobile-header-display":"","site-post-title":"","ast-breadcrumbs-content":"","ast-featured-img":"","footer-sml-layout":"","theme-transparent-header-meta":"default","adv-header-id-meta":"","stick-header-meta":"default","header-above-stick-meta":"","header-main-stick-meta":"","header-below-stick-meta":"","astra-migrate-meta-layouts":"set","ast-page-background-enabled":"default","ast-page-background-meta":{"desktop":{"background-color":"","background-image":"","background-repeat":"repeat","background-position":"center center","background-size":"auto","background-attachment":"scroll","background-type":"","background-media":"","overlay-type":"","overlay-color":"","overlay-opacity":"","overlay-gradient":""},"tablet":{"background-color":"","background-image":"","background-repeat":"repeat","background-position":"center center","background-size":"auto","background-attachment":"scroll","background-type":"","background-media":"","overlay-type":"","overlay-color":"","overlay-opacity":"","overlay-gradient":""},"mobile":{"background-color":"","background-image":"","background-repeat":"repeat","background-position":"center center","background-size":"auto","background-attachment":"scroll","background-type":"","background-media":"","overlay-type":"","overlay-color":"","overlay-opacity":"","overlay-gradient":""}},"ast-content-background-meta":{"desktop":{"background-color":"var(--ast-global-color-5)","background-image":"","background-repeat":"repeat","background-position":"center center","background-size":"auto","background-attachment":"scroll","background-type":"","background-media":"","overlay-type":"","overlay-color":"","overlay-opacity":"","overlay-gradient":""},"tablet":{"background-color":"var(--ast-global-color-5)","background-image":"","background-repeat":"repeat","background-position":"center center","background-size":"auto","background-attachment":"scroll","background-type":"","background-media":"","overlay-type":"","overlay-color":"","overlay-opacity":"","overlay-gradient":""},"mobile":{"background-color":"var(--ast-global-color-5)","background-image":"","background-repeat":"repeat","background-position":"center center","background-size":"auto","background-attachment":"scroll","background-type":"","background-media":"","overlay-type":"","overlay-color":"","overlay-opacity":"","overlay-gradient":""}}},"product_cat":[22],"product_tag":[],"class_list":{"0":"post-1870","1":"product","2":"type-product","3":"status-publish","4":"has-post-thumbnail","6":"product_cat-cuadros","7":"desktop-align-left","8":"tablet-align-left","9":"mobile-align-left","10":"ast-product-gallery-layout-horizontal-slider","11":"ast-magnify-disabled","12":"ast-qv-on-image","14":"first","15":"instock","16":"taxable","17":"shipping-taxable","18":"purchasable","19":"product-type-simple"},"uagb_featured_image_src":{"full":["https:\/\/artestrece.com\/wp-content\/uploads\/2023\/12\/frame_flower_watercolor_2-scaled.jpg",1920,2560,false],"thumbnail":["https:\/\/artestrece.com\/wp-content\/uploads\/2023\/12\/frame_flower_watercolor_2-287x287.jpg",287,287,true],"medium":["https:\/\/artestrece.com\/wp-content\/uploads\/2023\/12\/frame_flower_watercolor_2-215x287.jpg",215,287,true],"medium_large":["https:\/\/artestrece.com\/wp-content\/uploads\/2023\/12\/frame_flower_watercolor_2-768x1024.jpg",768,1024,true],"large":["https:\/\/artestrece.com\/wp-content\/uploads\/2023\/12\/frame_flower_watercolor_2-768x1024.jpg",768,1024,true],"1536x1536":["https:\/\/artestrece.com\/wp-content\/uploads\/2023\/12\/frame_flower_watercolor_2-1152x1536.jpg",1152,1536,true],"2048x2048":["https:\/\/artestrece.com\/wp-content\/uploads\/2023\/12\/frame_flower_watercolor_2-1536x2048.jpg",1536,2048,true],"trp-custom-language-flag":["https:\/\/artestrece.com\/wp-content\/uploads\/2023\/12\/frame_flower_watercolor_2-9x12.jpg",9,12,true],"woocommerce_thumbnail":["https:\/\/artestrece.com\/wp-content\/uploads\/2023\/12\/frame_flower_watercolor_2-400x400.jpg",400,400,true],"woocommerce_single":["https:\/\/artestrece.com\/wp-content\/uploads\/2023\/12\/frame_flower_watercolor_2-600x800.jpg",600,800,true],"woocommerce_gallery_thumbnail":["https:\/\/artestrece.com\/wp-content\/uploads\/2023\/12\/frame_flower_watercolor_2-100x100.jpg",100,100,true],"variation_swatches_image_size":["https:\/\/artestrece.com\/wp-content\/uploads\/2023\/12\/frame_flower_watercolor_2-50x50.jpg",50,50,true],"variation_swatches_tooltip_size":["https:\/\/artestrece.com\/wp-content\/uploads\/2023\/12\/frame_flower_watercolor_2-100x100.jpg",100,100,true]},"uagb_author_info":{"display_name":"Diana Web","author_link":"https:\/\/artestrece.com\/en\/author\/"},"uagb_comment_info":0,"uagb_excerpt":"Cuadro de madera con forma hexagonal con acuarela original de flor de aciano fabricado con materiales sostenibles. Cuadro hecho con herramienta manuales, fabricado con madera de tilo con certificado PEFC y FSC, acabado con barniz ecol\u00f3gico. Hoja de acuarela grano fino de Arches, algod\u00f3n 100 % de 300 gr. La acuarela est\u00e1 pintada con acuarelas&hellip;","_links":{"self":[{"href":"https:\/\/artestrece.com\/en\/wp-json\/wp\/v2\/product\/1870","targetHints":{"allow":["GET"]}}],"collection":[{"href":"https:\/\/artestrece.com\/en\/wp-json\/wp\/v2\/product"}],"about":[{"href":"https:\/\/artestrece.com\/en\/wp-json\/wp\/v2\/types\/product"}],"replies":[{"embeddable":true,"href":"https:\/\/artestrece.com\/en\/wp-json\/wp\/v2\/comments?post=1870"}],"wp:featuredmedia":[{"embeddable":true,"href":"https:\/\/artestrece.com\/en\/wp-json\/wp\/v2\/media\/3615"}],"wp:attachment":[{"href":"https:\/\/artestrece.com\/en\/wp-json\/wp\/v2\/media?parent=1870"}],"wp:term":[{"taxonomy":"product_cat","embeddable":true,"href":"https:\/\/artestrece.com\/en\/wp-json\/wp\/v2\/product_cat?post=1870"},{"taxonomy":"product_tag","embeddable":true,"href":"https:\/\/artestrece.com\/en\/wp-json\/wp\/v2\/product_tag?post=1870"}],"curies":[{"name":"wp","href":"https:\/\/api.w.org\/{rel}","templated":true}]}}