{"id":2359,"date":"2024-04-18T16:41:21","date_gmt":"2024-04-18T16:41:21","guid":{"rendered":"https:\/\/artestrece.com\/?post_type=product&#038;p=2359"},"modified":"2026-04-15T10:37:49","modified_gmt":"2026-04-15T10:37:49","slug":"mariposa-pavo-real-print","status":"publish","type":"product","link":"https:\/\/artestrece.com\/en\/productos\/acuarelas\/print\/mariposa-pavo-real-print\/","title":{"rendered":"Print Peacock Butterfly"},"content":{"rendered":"<p>L\u00e1mina decorativa Mariposa pavo real Print realizada a partir de mi obra original de acuarela.<\/p>\n<p>Complete your home decor with this vibrant, colourful and bohemian illustration of the Aglais io, known for its stunning \u00abpeacock eyes\u00bb on the wings.<\/p>\n<p>Fine art print made on 190 gram Hahnemuhle Photo Rag paper, with pigmented inks. Printing is done with the Canon technology and Lucia pro inks, which guarantees intense colors that will last for generations without changes in them.<\/p>\n<p><strong>Approximate measures of prints:<\/strong><br \/>\nTama\u00f1o A6: 10.5 x 14.8 cent\u00edmetros \/ 4.1 x 5.8 pulgadas<br \/>\nSize A5: 14.8 x 21 centimeters \/ 5.8 x 8.3 inches<br \/>\nSize A4: 21 x 29.7 centimeters \/ 8.3 x 11.7 inches<br \/>\nSize A3: 29.7 x 42 centimeters \/ 11.7 x 16.5 inches<\/p>\n<p>Artes Trece is a small local craft company. All prints are made by me, in my studio, from my original artwork. I take care of every detail of the product and packaging.<br \/>\nThis illustration will be printed especially for you, and it will be safely packaged with recyclable materials.<\/p>\n<p>Los marcos no est\u00e1n incluidos. Puedes ver algunas de mis obras de arte originales con marcos hechos a mano la secci\u00f3n de cuadros de la tienda.<\/p>","protected":false},"excerpt":{"rendered":"<p>Printed peacock butterfly decorative foil from my original artwork<\/p>\n<p>Complete your home decor with this vibrant, colourful and bohemian illustration of the Aglais io, known for its stunning \u00abpeacock eyes\u00bb on the wings.<\/p>\n<p>Fine art print made on 190 gram Hahnemuhle Photo Rag paper, with pigmented inks. Printing is done with the Canon technology and Lucia pro inks, which guarantees intense colors that will last for generations without changes in them.<\/p>\n<p><strong>Approximate measures of prints:<\/strong><br \/>\nTama\u00f1o A6: 10.5 x 14.8 cent\u00edmetros \/ 4.1 x 5.8 pulgadas<br \/>\nSize A5: 14.8 x 21 centimeters \/ 5.8 x 8.3 inches<br \/>\nSize A4: 21 x 29.7 centimeters \/ 8.3 x 11.7 inches<br \/>\nSize A3: 29.7 x 42 centimeters \/ 11.7 x 16.5 inches<\/p>\n<p>Artes Trece is a small local craft company. All prints are made by me, in my studio, from my original artwork. I take care of every detail of the product and packaging.<br \/>\nThis illustration will be printed especially for you, and it will be safely packaged with recyclable materials.<\/p>\n<p>Frames are not included. You can see some of my handmade frame artwork in the painting section of the shop.<\/p>","protected":false},"featured_media":3548,"comment_status":"closed","ping_status":"closed","template":"","meta":{"_uag_custom_page_level_css":"","site-sidebar-layout":"default","site-content-layout":"","ast-site-content-layout":"default","site-content-style":"default","site-sidebar-style":"default","ast-global-header-display":"","ast-banner-title-visibility":"","ast-main-header-display":"","ast-hfb-above-header-display":"","ast-hfb-below-header-display":"","ast-hfb-mobile-header-display":"","site-post-title":"","ast-breadcrumbs-content":"","ast-featured-img":"","footer-sml-layout":"","theme-transparent-header-meta":"default","adv-header-id-meta":"","stick-header-meta":"default","header-above-stick-meta":"","header-main-stick-meta":"","header-below-stick-meta":"","astra-migrate-meta-layouts":"set","ast-page-background-enabled":"default","ast-page-background-meta":{"desktop":{"background-color":"","background-image":"","background-repeat":"repeat","background-position":"center center","background-size":"auto","background-attachment":"scroll","background-type":"","background-media":"","overlay-type":"","overlay-color":"","overlay-opacity":"","overlay-gradient":""},"tablet":{"background-color":"","background-image":"","background-repeat":"repeat","background-position":"center center","background-size":"auto","background-attachment":"scroll","background-type":"","background-media":"","overlay-type":"","overlay-color":"","overlay-opacity":"","overlay-gradient":""},"mobile":{"background-color":"","background-image":"","background-repeat":"repeat","background-position":"center center","background-size":"auto","background-attachment":"scroll","background-type":"","background-media":"","overlay-type":"","overlay-color":"","overlay-opacity":"","overlay-gradient":""}},"ast-content-background-meta":{"desktop":{"background-color":"var(--ast-global-color-5)","background-image":"","background-repeat":"repeat","background-position":"center center","background-size":"auto","background-attachment":"scroll","background-type":"","background-media":"","overlay-type":"","overlay-color":"","overlay-opacity":"","overlay-gradient":""},"tablet":{"background-color":"var(--ast-global-color-5)","background-image":"","background-repeat":"repeat","background-position":"center center","background-size":"auto","background-attachment":"scroll","background-type":"","background-media":"","overlay-type":"","overlay-color":"","overlay-opacity":"","overlay-gradient":""},"mobile":{"background-color":"var(--ast-global-color-5)","background-image":"","background-repeat":"repeat","background-position":"center center","background-size":"auto","background-attachment":"scroll","background-type":"","background-media":"","overlay-type":"","overlay-color":"","overlay-opacity":"","overlay-gradient":""}}},"product_cat":[25,23],"product_tag":[],"class_list":{"0":"post-2359","1":"product","2":"type-product","3":"status-publish","4":"has-post-thumbnail","6":"product_cat-print","7":"product_cat-acuarelas","8":"desktop-align-left","9":"tablet-align-left","10":"mobile-align-left","11":"ast-product-gallery-layout-horizontal-slider","12":"ast-magnify-disabled","13":"ast-product-single-variable","14":"ast-qv-on-image","16":"first","17":"instock","18":"featured","19":"taxable","20":"shipping-taxable","21":"purchasable","22":"product-type-variable"},"uagb_featured_image_src":{"full":["https:\/\/artestrece.com\/wp-content\/uploads\/2024\/04\/print_butterfly_peacock_9-scaled.jpg",1920,2560,false],"thumbnail":["https:\/\/artestrece.com\/wp-content\/uploads\/2024\/04\/print_butterfly_peacock_9-287x287.jpg",287,287,true],"medium":["https:\/\/artestrece.com\/wp-content\/uploads\/2024\/04\/print_butterfly_peacock_9-215x287.jpg",215,287,true],"medium_large":["https:\/\/artestrece.com\/wp-content\/uploads\/2024\/04\/print_butterfly_peacock_9-768x1024.jpg",768,1024,true],"large":["https:\/\/artestrece.com\/wp-content\/uploads\/2024\/04\/print_butterfly_peacock_9-768x1024.jpg",768,1024,true],"1536x1536":["https:\/\/artestrece.com\/wp-content\/uploads\/2024\/04\/print_butterfly_peacock_9-1152x1536.jpg",1152,1536,true],"2048x2048":["https:\/\/artestrece.com\/wp-content\/uploads\/2024\/04\/print_butterfly_peacock_9-1536x2048.jpg",1536,2048,true],"trp-custom-language-flag":["https:\/\/artestrece.com\/wp-content\/uploads\/2024\/04\/print_butterfly_peacock_9-9x12.jpg",9,12,true],"woocommerce_thumbnail":["https:\/\/artestrece.com\/wp-content\/uploads\/2024\/04\/print_butterfly_peacock_9-400x400.jpg",400,400,true],"woocommerce_single":["https:\/\/artestrece.com\/wp-content\/uploads\/2024\/04\/print_butterfly_peacock_9-600x800.jpg",600,800,true],"woocommerce_gallery_thumbnail":["https:\/\/artestrece.com\/wp-content\/uploads\/2024\/04\/print_butterfly_peacock_9-100x100.jpg",100,100,true],"variation_swatches_image_size":["https:\/\/artestrece.com\/wp-content\/uploads\/2024\/04\/print_butterfly_peacock_9-50x50.jpg",50,50,true],"variation_swatches_tooltip_size":["https:\/\/artestrece.com\/wp-content\/uploads\/2024\/04\/print_butterfly_peacock_9-100x100.jpg",100,100,true]},"uagb_author_info":{"display_name":"Diana Web","author_link":"https:\/\/artestrece.com\/en\/author\/"},"uagb_comment_info":0,"uagb_excerpt":"L\u00e1mina decorativa imprimida a partir de mi obra original de acuarela de mariposa pavo real. Completa la decoraci\u00f3n de tu casa con esta ilustraci\u00f3n de estilo bohemio de colores vivos y vibrante de la Aglais io, conocida por sus impresionantes \"ojos de pavo real\" en las alas. Impresi\u00f3n fine art hecha en papel Hahnemuhle Photo&hellip;","_links":{"self":[{"href":"https:\/\/artestrece.com\/en\/wp-json\/wp\/v2\/product\/2359","targetHints":{"allow":["GET"]}}],"collection":[{"href":"https:\/\/artestrece.com\/en\/wp-json\/wp\/v2\/product"}],"about":[{"href":"https:\/\/artestrece.com\/en\/wp-json\/wp\/v2\/types\/product"}],"replies":[{"embeddable":true,"href":"https:\/\/artestrece.com\/en\/wp-json\/wp\/v2\/comments?post=2359"}],"wp:featuredmedia":[{"embeddable":true,"href":"https:\/\/artestrece.com\/en\/wp-json\/wp\/v2\/media\/3548"}],"wp:attachment":[{"href":"https:\/\/artestrece.com\/en\/wp-json\/wp\/v2\/media?parent=2359"}],"wp:term":[{"taxonomy":"product_cat","embeddable":true,"href":"https:\/\/artestrece.com\/en\/wp-json\/wp\/v2\/product_cat?post=2359"},{"taxonomy":"product_tag","embeddable":true,"href":"https:\/\/artestrece.com\/en\/wp-json\/wp\/v2\/product_tag?post=2359"}],"curies":[{"name":"wp","href":"https:\/\/api.w.org\/{rel}","templated":true}]}}