{"id":2408,"date":"2024-05-01T15:52:24","date_gmt":"2024-05-01T15:52:24","guid":{"rendered":"https:\/\/artestrece.com\/?post_type=product&#038;p=2408"},"modified":"2026-04-15T10:36:39","modified_gmt":"2026-04-15T10:36:39","slug":"paisajes-de-acuarela","status":"publish","type":"product","link":"https:\/\/artestrece.com\/en\/productos\/marcapaginas\/paisajes-de-acuarela\/","title":{"rendered":"Watercolor Landscapes"},"content":{"rendered":"<p>This watercolor landscape bookmark is a small artwork that you can purchase in two versions: hand painted or printed. Both options are made of 300 gram cotton paper and adorned with jute cord.<\/p>\n<p>The page separator is available with beach, forest or desert landscape.<\/p>\n<p>Whether you choose the hand-painted or printed version, this sheet marker is a great way to add a touch of art and originality to your favorite books, either as a special gift or for your own personal enjoyment.<\/p>\n<p>Original hand painted watercolor on 300 gram cotton paper with fine grain texture, with professional pigment watercolors.<br \/>\nFine art print made on 300 gram cotton paper, soft texture, with pigmented inks. Printing is done with the Canon technology and Lucia pro inks, which guarantees intense colors that will last for generations without changes in them.<\/p>\n<p><strong>Approximate bookmark sizes:<\/strong><br \/>\n15 x 6 centimeters \/ 5.9 x 2.4 inches<\/p>","protected":false},"excerpt":{"rendered":"<p>This watercolor landscape bookmark is a small artwork that you can purchase in two versions: hand painted or printed. Both options are made of 300 gram cotton paper and adorned with jute cord.<\/p>\n<p>The page separator is available with beach, forest or desert landscape.<\/p>\n<p>Whether you choose the hand-painted or printed version, this sheet marker is a great way to add a touch of art and originality to your favorite books, either as a special gift or for your own personal enjoyment.<\/p>\n<p>Original hand painted watercolor on 300 gram cotton paper with fine grain texture, with professional pigment watercolors.<br \/>\nFine art print made on 300 gram cotton paper, soft texture, with pigmented inks. Printing is done with the Canon technology and Lucia pro inks, which guarantees intense colors that will last for generations without changes in them.<\/p>\n<p><strong>Approximate bookmark sizes:<\/strong><br \/>\n15 x 6 centimeters \/ 5.9 x 2.4 inches<\/p>","protected":false},"featured_media":3644,"comment_status":"closed","ping_status":"closed","template":"","meta":{"_uag_custom_page_level_css":"","site-sidebar-layout":"default","site-content-layout":"","ast-site-content-layout":"default","site-content-style":"default","site-sidebar-style":"default","ast-global-header-display":"","ast-banner-title-visibility":"","ast-main-header-display":"","ast-hfb-above-header-display":"","ast-hfb-below-header-display":"","ast-hfb-mobile-header-display":"","site-post-title":"","ast-breadcrumbs-content":"","ast-featured-img":"","footer-sml-layout":"","theme-transparent-header-meta":"default","adv-header-id-meta":"","stick-header-meta":"default","header-above-stick-meta":"","header-main-stick-meta":"","header-below-stick-meta":"","astra-migrate-meta-layouts":"set","ast-page-background-enabled":"default","ast-page-background-meta":{"desktop":{"background-color":"","background-image":"","background-repeat":"repeat","background-position":"center center","background-size":"auto","background-attachment":"scroll","background-type":"","background-media":"","overlay-type":"","overlay-color":"","overlay-opacity":"","overlay-gradient":""},"tablet":{"background-color":"","background-image":"","background-repeat":"repeat","background-position":"center center","background-size":"auto","background-attachment":"scroll","background-type":"","background-media":"","overlay-type":"","overlay-color":"","overlay-opacity":"","overlay-gradient":""},"mobile":{"background-color":"","background-image":"","background-repeat":"repeat","background-position":"center center","background-size":"auto","background-attachment":"scroll","background-type":"","background-media":"","overlay-type":"","overlay-color":"","overlay-opacity":"","overlay-gradient":""}},"ast-content-background-meta":{"desktop":{"background-color":"var(--ast-global-color-5)","background-image":"","background-repeat":"repeat","background-position":"center center","background-size":"auto","background-attachment":"scroll","background-type":"","background-media":"","overlay-type":"","overlay-color":"","overlay-opacity":"","overlay-gradient":""},"tablet":{"background-color":"var(--ast-global-color-5)","background-image":"","background-repeat":"repeat","background-position":"center center","background-size":"auto","background-attachment":"scroll","background-type":"","background-media":"","overlay-type":"","overlay-color":"","overlay-opacity":"","overlay-gradient":""},"mobile":{"background-color":"var(--ast-global-color-5)","background-image":"","background-repeat":"repeat","background-position":"center center","background-size":"auto","background-attachment":"scroll","background-type":"","background-media":"","overlay-type":"","overlay-color":"","overlay-opacity":"","overlay-gradient":""}}},"product_cat":[26],"product_tag":[],"class_list":{"0":"post-2408","1":"product","2":"type-product","3":"status-publish","4":"has-post-thumbnail","6":"product_cat-marcapaginas","7":"desktop-align-left","8":"tablet-align-left","9":"mobile-align-left","10":"ast-product-gallery-layout-horizontal-slider","11":"ast-magnify-disabled","12":"ast-product-single-variable","13":"ast-qv-on-image","15":"first","16":"instock","17":"taxable","18":"shipping-taxable","19":"purchasable","20":"product-type-variable"},"uagb_featured_image_src":{"full":["https:\/\/artestrece.com\/wp-content\/uploads\/2024\/05\/bookmark_forest_beach_desert_9-scaled.jpg",1920,2560,false],"thumbnail":["https:\/\/artestrece.com\/wp-content\/uploads\/2024\/05\/bookmark_forest_beach_desert_9-287x287.jpg",287,287,true],"medium":["https:\/\/artestrece.com\/wp-content\/uploads\/2024\/05\/bookmark_forest_beach_desert_9-215x287.jpg",215,287,true],"medium_large":["https:\/\/artestrece.com\/wp-content\/uploads\/2024\/05\/bookmark_forest_beach_desert_9-768x1024.jpg",768,1024,true],"large":["https:\/\/artestrece.com\/wp-content\/uploads\/2024\/05\/bookmark_forest_beach_desert_9-768x1024.jpg",768,1024,true],"1536x1536":["https:\/\/artestrece.com\/wp-content\/uploads\/2024\/05\/bookmark_forest_beach_desert_9-1152x1536.jpg",1152,1536,true],"2048x2048":["https:\/\/artestrece.com\/wp-content\/uploads\/2024\/05\/bookmark_forest_beach_desert_9-1536x2048.jpg",1536,2048,true],"trp-custom-language-flag":["https:\/\/artestrece.com\/wp-content\/uploads\/2024\/05\/bookmark_forest_beach_desert_9-9x12.jpg",9,12,true],"woocommerce_thumbnail":["https:\/\/artestrece.com\/wp-content\/uploads\/2024\/05\/bookmark_forest_beach_desert_9-400x400.jpg",400,400,true],"woocommerce_single":["https:\/\/artestrece.com\/wp-content\/uploads\/2024\/05\/bookmark_forest_beach_desert_9-600x800.jpg",600,800,true],"woocommerce_gallery_thumbnail":["https:\/\/artestrece.com\/wp-content\/uploads\/2024\/05\/bookmark_forest_beach_desert_9-100x100.jpg",100,100,true],"variation_swatches_image_size":["https:\/\/artestrece.com\/wp-content\/uploads\/2024\/05\/bookmark_forest_beach_desert_9-50x50.jpg",50,50,true],"variation_swatches_tooltip_size":["https:\/\/artestrece.com\/wp-content\/uploads\/2024\/05\/bookmark_forest_beach_desert_9-100x100.jpg",100,100,true]},"uagb_author_info":{"display_name":"Diana Web","author_link":"https:\/\/artestrece.com\/en\/author\/"},"uagb_comment_info":0,"uagb_excerpt":"Este marcap\u00e1ginas de paisajes de acuarela es una peque\u00f1a obra de arte que puedes adquirir en dos versiones: pintado a mano o impreso. Ambas opciones est\u00e1n hechas en papel de algod\u00f3n de 300 gramos y adornados con cord\u00f3n de yute. El separador de p\u00e1ginas est\u00e1 disponible con paisaje de playa, bosque o desierto. Tanto si&hellip;","_links":{"self":[{"href":"https:\/\/artestrece.com\/en\/wp-json\/wp\/v2\/product\/2408","targetHints":{"allow":["GET"]}}],"collection":[{"href":"https:\/\/artestrece.com\/en\/wp-json\/wp\/v2\/product"}],"about":[{"href":"https:\/\/artestrece.com\/en\/wp-json\/wp\/v2\/types\/product"}],"replies":[{"embeddable":true,"href":"https:\/\/artestrece.com\/en\/wp-json\/wp\/v2\/comments?post=2408"}],"wp:featuredmedia":[{"embeddable":true,"href":"https:\/\/artestrece.com\/en\/wp-json\/wp\/v2\/media\/3644"}],"wp:attachment":[{"href":"https:\/\/artestrece.com\/en\/wp-json\/wp\/v2\/media?parent=2408"}],"wp:term":[{"taxonomy":"product_cat","embeddable":true,"href":"https:\/\/artestrece.com\/en\/wp-json\/wp\/v2\/product_cat?post=2408"},{"taxonomy":"product_tag","embeddable":true,"href":"https:\/\/artestrece.com\/en\/wp-json\/wp\/v2\/product_tag?post=2408"}],"curies":[{"name":"wp","href":"https:\/\/api.w.org\/{rel}","templated":true}]}}