{"id":2525,"date":"2024-06-17T08:19:47","date_gmt":"2024-06-17T08:19:47","guid":{"rendered":"https:\/\/artestrece.com\/?post_type=product&#038;p=2525"},"modified":"2026-02-27T11:02:09","modified_gmt":"2026-02-27T11:02:09","slug":"mariposa-pavo-real","status":"publish","type":"product","link":"https:\/\/artestrece.com\/en\/productos\/cuadros\/mariposa-pavo-real\/","title":{"rendered":"Peacock Butterfly"},"content":{"rendered":"<p>Wooden frame with dried flowers, with hand painted peacock butterfly watercolor (aglais io)<\/p>\n<p>Unique wood frame manufactured by hand, with sustainable wood with PEFC certificate and protected with ecological varnish. It is decorated with natural dried flowers.<\/p>\n<p>Watercolor painted with professional pigments, made in fine grain watercolor paper of 300 grams, from the Hahnemuhle vegan paper collection. The watercolor is protected with varnish.<\/p>\n<p><strong>Measures<\/strong><br \/>\n30 x 30 centimeters<\/p>\n<p>The frame has a hook on the back for easy hanging.<\/p>","protected":false},"excerpt":{"rendered":"<p>Wooden frame with dried flowers, with hand painted peacock butterfly watercolor (aglais io)<\/p>\n<p>Unique wood frame manufactured by hand, with sustainable wood with PEFC certificate and protected with ecological varnish. It is decorated with natural dried flowers.<\/p>\n<p>Watercolor painted with professional pigments, made in fine grain watercolor paper of 300 grams, from the Hahnemuhle vegan paper collection. The watercolor is protected with varnish.<\/p>\n<p><strong>Measures<\/strong><br \/>\n30 x 30 centimeters<\/p>\n<p>The frame has a hook on the back for easy hanging.<\/p>","protected":false},"featured_media":3285,"comment_status":"closed","ping_status":"closed","template":"","meta":{"_uag_custom_page_level_css":"","site-sidebar-layout":"default","site-content-layout":"","ast-site-content-layout":"default","site-content-style":"default","site-sidebar-style":"default","ast-global-header-display":"","ast-banner-title-visibility":"","ast-main-header-display":"","ast-hfb-above-header-display":"","ast-hfb-below-header-display":"","ast-hfb-mobile-header-display":"","site-post-title":"","ast-breadcrumbs-content":"","ast-featured-img":"","footer-sml-layout":"","theme-transparent-header-meta":"default","adv-header-id-meta":"","stick-header-meta":"default","header-above-stick-meta":"","header-main-stick-meta":"","header-below-stick-meta":"","astra-migrate-meta-layouts":"set","ast-page-background-enabled":"default","ast-page-background-meta":{"desktop":{"background-color":"","background-image":"","background-repeat":"repeat","background-position":"center center","background-size":"auto","background-attachment":"scroll","background-type":"","background-media":"","overlay-type":"","overlay-color":"","overlay-opacity":"","overlay-gradient":""},"tablet":{"background-color":"","background-image":"","background-repeat":"repeat","background-position":"center center","background-size":"auto","background-attachment":"scroll","background-type":"","background-media":"","overlay-type":"","overlay-color":"","overlay-opacity":"","overlay-gradient":""},"mobile":{"background-color":"","background-image":"","background-repeat":"repeat","background-position":"center center","background-size":"auto","background-attachment":"scroll","background-type":"","background-media":"","overlay-type":"","overlay-color":"","overlay-opacity":"","overlay-gradient":""}},"ast-content-background-meta":{"desktop":{"background-color":"var(--ast-global-color-5)","background-image":"","background-repeat":"repeat","background-position":"center center","background-size":"auto","background-attachment":"scroll","background-type":"","background-media":"","overlay-type":"","overlay-color":"","overlay-opacity":"","overlay-gradient":""},"tablet":{"background-color":"var(--ast-global-color-5)","background-image":"","background-repeat":"repeat","background-position":"center center","background-size":"auto","background-attachment":"scroll","background-type":"","background-media":"","overlay-type":"","overlay-color":"","overlay-opacity":"","overlay-gradient":""},"mobile":{"background-color":"var(--ast-global-color-5)","background-image":"","background-repeat":"repeat","background-position":"center center","background-size":"auto","background-attachment":"scroll","background-type":"","background-media":"","overlay-type":"","overlay-color":"","overlay-opacity":"","overlay-gradient":""}}},"product_cat":[22],"product_tag":[],"class_list":{"0":"post-2525","1":"product","2":"type-product","3":"status-publish","4":"has-post-thumbnail","6":"product_cat-cuadros","7":"desktop-align-left","8":"tablet-align-left","9":"mobile-align-left","10":"ast-product-gallery-layout-horizontal-slider","11":"ast-magnify-disabled","12":"ast-qv-on-image","14":"first","15":"outofstock","16":"taxable","17":"shipping-taxable","18":"purchasable","19":"product-type-simple"},"uagb_featured_image_src":{"full":["https:\/\/artestrece.com\/wp-content\/uploads\/2024\/06\/cuadro-mariposa-acuarela-21-base-scaled.jpg",1920,2560,false],"thumbnail":["https:\/\/artestrece.com\/wp-content\/uploads\/2024\/06\/cuadro-mariposa-acuarela-21-base-287x287.jpg",287,287,true],"medium":["https:\/\/artestrece.com\/wp-content\/uploads\/2024\/06\/cuadro-mariposa-acuarela-21-base-215x287.jpg",215,287,true],"medium_large":["https:\/\/artestrece.com\/wp-content\/uploads\/2024\/06\/cuadro-mariposa-acuarela-21-base-768x1024.jpg",768,1024,true],"large":["https:\/\/artestrece.com\/wp-content\/uploads\/2024\/06\/cuadro-mariposa-acuarela-21-base-768x1024.jpg",768,1024,true],"1536x1536":["https:\/\/artestrece.com\/wp-content\/uploads\/2024\/06\/cuadro-mariposa-acuarela-21-base-1152x1536.jpg",1152,1536,true],"2048x2048":["https:\/\/artestrece.com\/wp-content\/uploads\/2024\/06\/cuadro-mariposa-acuarela-21-base-1536x2048.jpg",1536,2048,true],"trp-custom-language-flag":["https:\/\/artestrece.com\/wp-content\/uploads\/2024\/06\/cuadro-mariposa-acuarela-21-base-9x12.jpg",9,12,true],"woocommerce_thumbnail":["https:\/\/artestrece.com\/wp-content\/uploads\/2024\/06\/cuadro-mariposa-acuarela-21-base-scaled-400x400.jpg",400,400,true],"woocommerce_single":["https:\/\/artestrece.com\/wp-content\/uploads\/2024\/06\/cuadro-mariposa-acuarela-21-base-scaled-600x800.jpg",600,800,true],"woocommerce_gallery_thumbnail":["https:\/\/artestrece.com\/wp-content\/uploads\/2024\/06\/cuadro-mariposa-acuarela-21-base-scaled-100x100.jpg",100,100,true],"variation_swatches_image_size":["https:\/\/artestrece.com\/wp-content\/uploads\/2024\/06\/cuadro-mariposa-acuarela-21-base-50x50.jpg",50,50,true],"variation_swatches_tooltip_size":["https:\/\/artestrece.com\/wp-content\/uploads\/2024\/06\/cuadro-mariposa-acuarela-21-base-100x100.jpg",100,100,true]},"uagb_author_info":{"display_name":"Diana Web","author_link":"https:\/\/artestrece.com\/en\/author\/"},"uagb_comment_info":0,"uagb_excerpt":"Cuadro de madera con flores secas, con acuarela pintada a mano de mariposa pavo real (aglais io) Marco de madera \u00fanico fabricado de forma artesanal, con madera sostenible con certificado PEFC y protegido con barniz ecol\u00f3gico. Est\u00e1 decorado con flores secas naturales. Acuarela pintada con pigmentos profesionales, hecha en papel de acuarela de grano fino&hellip;","_links":{"self":[{"href":"https:\/\/artestrece.com\/en\/wp-json\/wp\/v2\/product\/2525","targetHints":{"allow":["GET"]}}],"collection":[{"href":"https:\/\/artestrece.com\/en\/wp-json\/wp\/v2\/product"}],"about":[{"href":"https:\/\/artestrece.com\/en\/wp-json\/wp\/v2\/types\/product"}],"replies":[{"embeddable":true,"href":"https:\/\/artestrece.com\/en\/wp-json\/wp\/v2\/comments?post=2525"}],"wp:featuredmedia":[{"embeddable":true,"href":"https:\/\/artestrece.com\/en\/wp-json\/wp\/v2\/media\/3285"}],"wp:attachment":[{"href":"https:\/\/artestrece.com\/en\/wp-json\/wp\/v2\/media?parent=2525"}],"wp:term":[{"taxonomy":"product_cat","embeddable":true,"href":"https:\/\/artestrece.com\/en\/wp-json\/wp\/v2\/product_cat?post=2525"},{"taxonomy":"product_tag","embeddable":true,"href":"https:\/\/artestrece.com\/en\/wp-json\/wp\/v2\/product_tag?post=2525"}],"curies":[{"name":"wp","href":"https:\/\/api.w.org\/{rel}","templated":true}]}}