{"id":2526,"date":"2024-06-19T16:53:24","date_gmt":"2024-06-19T16:53:24","guid":{"rendered":"https:\/\/artestrece.com\/?post_type=product&#038;p=2526"},"modified":"2025-01-08T15:08:06","modified_gmt":"2025-01-08T15:08:06","slug":"mariquitas","status":"publish","type":"product","link":"https:\/\/artestrece.com\/en\/productos\/acuarelas\/mariquitas\/","title":{"rendered":"Ladybugs"},"content":{"rendered":"<p>Original watercolor with handpainted ladybugs. Scientific illustration of insect art, which every lover of nature and art will want to have on their walls.<\/p>\n<p>Behind the endearing aspect of the Coccinella hides a carnivorous predator that keeps at bay the pests of small insects such as aphids or cochineals, being then very necessary for balance in nature.<br \/>\nVintage style decoration with ladybug print.<\/p>\n<p>Painted with professional watercolors on vegan cotton paper of 300 grams.<\/p>\n<p><strong>Dimensions of the sheet:<\/strong><br \/>\n30.5 x 45.5 centimeters<\/p>\n<p>Artes Trece is a small local craft company, all original works are hand painted by me.<br \/>\nI take care of every detail of the product and packaging, this foil will be safely packaged in recyclable materials.<br \/>\nKeep in mind that due to the absorption of water from watercolors, the sheet has small undulations.<\/p>","protected":false},"excerpt":{"rendered":"<p>Original watercolor with handpainted ladybugs. Scientific illustration of insect art, which every lover of nature and art will want to have on their walls.<\/p>\n<p>Behind the endearing aspect of the Coccinella hides a carnivorous predator that keeps at bay the pests of small insects such as aphids or cochineals, being then very necessary for balance in nature.<br \/>\nVintage style decoration with ladybug print.<\/p>\n<p>Painted with professional watercolors on vegan cotton paper of 300 grams.<\/p>\n<p><strong>Dimensions of the sheet:<\/strong><br \/>\n30.5 x 45.5 centimeters<\/p>\n<p>Artes Trece is a small local craft company, all original works are hand painted by me.<br \/>\nI take care of every detail of the product and packaging, this foil will be safely packaged in recyclable materials.<br \/>\nKeep in mind that due to the absorption of water from watercolors, the sheet has small undulations.<\/p>","protected":false},"featured_media":2527,"comment_status":"closed","ping_status":"closed","template":"","meta":{"_uag_custom_page_level_css":"","site-sidebar-layout":"default","site-content-layout":"","ast-site-content-layout":"default","site-content-style":"default","site-sidebar-style":"default","ast-global-header-display":"","ast-banner-title-visibility":"","ast-main-header-display":"","ast-hfb-above-header-display":"","ast-hfb-below-header-display":"","ast-hfb-mobile-header-display":"","site-post-title":"","ast-breadcrumbs-content":"","ast-featured-img":"","footer-sml-layout":"","theme-transparent-header-meta":"default","adv-header-id-meta":"","stick-header-meta":"default","header-above-stick-meta":"","header-main-stick-meta":"","header-below-stick-meta":"","astra-migrate-meta-layouts":"set","ast-page-background-enabled":"default","ast-page-background-meta":{"desktop":{"background-color":"","background-image":"","background-repeat":"repeat","background-position":"center center","background-size":"auto","background-attachment":"scroll","background-type":"","background-media":"","overlay-type":"","overlay-color":"","overlay-opacity":"","overlay-gradient":""},"tablet":{"background-color":"","background-image":"","background-repeat":"repeat","background-position":"center center","background-size":"auto","background-attachment":"scroll","background-type":"","background-media":"","overlay-type":"","overlay-color":"","overlay-opacity":"","overlay-gradient":""},"mobile":{"background-color":"","background-image":"","background-repeat":"repeat","background-position":"center center","background-size":"auto","background-attachment":"scroll","background-type":"","background-media":"","overlay-type":"","overlay-color":"","overlay-opacity":"","overlay-gradient":""}},"ast-content-background-meta":{"desktop":{"background-color":"var(--ast-global-color-5)","background-image":"","background-repeat":"repeat","background-position":"center center","background-size":"auto","background-attachment":"scroll","background-type":"","background-media":"","overlay-type":"","overlay-color":"","overlay-opacity":"","overlay-gradient":""},"tablet":{"background-color":"var(--ast-global-color-5)","background-image":"","background-repeat":"repeat","background-position":"center center","background-size":"auto","background-attachment":"scroll","background-type":"","background-media":"","overlay-type":"","overlay-color":"","overlay-opacity":"","overlay-gradient":""},"mobile":{"background-color":"var(--ast-global-color-5)","background-image":"","background-repeat":"repeat","background-position":"center center","background-size":"auto","background-attachment":"scroll","background-type":"","background-media":"","overlay-type":"","overlay-color":"","overlay-opacity":"","overlay-gradient":""}}},"product_cat":[23,24],"product_tag":[],"class_list":{"0":"post-2526","1":"product","2":"type-product","3":"status-publish","4":"has-post-thumbnail","6":"product_cat-acuarelas","7":"product_cat-original","8":"desktop-align-left","9":"tablet-align-left","10":"mobile-align-left","11":"ast-product-gallery-layout-horizontal-slider","12":"ast-magnify-disabled","13":"ast-qv-on-image","15":"first","16":"instock","17":"taxable","18":"shipping-taxable","19":"purchasable","20":"product-type-simple"},"uagb_featured_image_src":{"full":["https:\/\/artestrece.com\/wp-content\/uploads\/2024\/06\/acuarela-mariquitas-5-scaled.jpg",1920,2560,false],"thumbnail":["https:\/\/artestrece.com\/wp-content\/uploads\/2024\/06\/acuarela-mariquitas-5-scaled-287x287.jpg",287,287,true],"medium":["https:\/\/artestrece.com\/wp-content\/uploads\/2024\/06\/acuarela-mariquitas-5-scaled-215x287.jpg",215,287,true],"medium_large":["https:\/\/artestrece.com\/wp-content\/uploads\/2024\/06\/acuarela-mariquitas-5-scaled-768x1024.jpg",768,1024,true],"large":["https:\/\/artestrece.com\/wp-content\/uploads\/2024\/06\/acuarela-mariquitas-5-scaled-768x1024.jpg",768,1024,true],"1536x1536":["https:\/\/artestrece.com\/wp-content\/uploads\/2024\/06\/acuarela-mariquitas-5-scaled-1152x1536.jpg",1152,1536,true],"2048x2048":["https:\/\/artestrece.com\/wp-content\/uploads\/2024\/06\/acuarela-mariquitas-5-scaled-1536x2048.jpg",1536,2048,true],"trp-custom-language-flag":["https:\/\/artestrece.com\/wp-content\/uploads\/2024\/06\/acuarela-mariquitas-5-scaled-9x12.jpg",9,12,true],"woocommerce_thumbnail":["https:\/\/artestrece.com\/wp-content\/uploads\/2024\/06\/acuarela-mariquitas-5-scaled-400x400.jpg",400,400,true],"woocommerce_single":["https:\/\/artestrece.com\/wp-content\/uploads\/2024\/06\/acuarela-mariquitas-5-scaled-600x800.jpg",600,800,true],"woocommerce_gallery_thumbnail":["https:\/\/artestrece.com\/wp-content\/uploads\/2024\/06\/acuarela-mariquitas-5-scaled-100x100.jpg",100,100,true],"variation_swatches_image_size":["https:\/\/artestrece.com\/wp-content\/uploads\/2024\/06\/acuarela-mariquitas-5-scaled-50x50.jpg",50,50,true],"variation_swatches_tooltip_size":["https:\/\/artestrece.com\/wp-content\/uploads\/2024\/06\/acuarela-mariquitas-5-scaled-100x100.jpg",100,100,true]},"uagb_author_info":{"display_name":"Diana Web","author_link":"https:\/\/artestrece.com\/en\/author\/"},"uagb_comment_info":0,"uagb_excerpt":"Acuarela original con mariquitas pintadas a mano. Ilustraci\u00f3n cient\u00edfica de arte de insectos, que todo amante de la naturaleza y del arte querr\u00e1 tener en sus paredes. Detr\u00e1s del aspecto entra\u00f1able de la Coccinella se esconde un depredador carn\u00edvoro que mantiene a raya las plagas de peque\u00f1os insectos como pulgones o cochinillas, siendo entonces muy&hellip;","_links":{"self":[{"href":"https:\/\/artestrece.com\/en\/wp-json\/wp\/v2\/product\/2526","targetHints":{"allow":["GET"]}}],"collection":[{"href":"https:\/\/artestrece.com\/en\/wp-json\/wp\/v2\/product"}],"about":[{"href":"https:\/\/artestrece.com\/en\/wp-json\/wp\/v2\/types\/product"}],"replies":[{"embeddable":true,"href":"https:\/\/artestrece.com\/en\/wp-json\/wp\/v2\/comments?post=2526"}],"wp:featuredmedia":[{"embeddable":true,"href":"https:\/\/artestrece.com\/en\/wp-json\/wp\/v2\/media\/2527"}],"wp:attachment":[{"href":"https:\/\/artestrece.com\/en\/wp-json\/wp\/v2\/media?parent=2526"}],"wp:term":[{"taxonomy":"product_cat","embeddable":true,"href":"https:\/\/artestrece.com\/en\/wp-json\/wp\/v2\/product_cat?post=2526"},{"taxonomy":"product_tag","embeddable":true,"href":"https:\/\/artestrece.com\/en\/wp-json\/wp\/v2\/product_tag?post=2526"}],"curies":[{"name":"wp","href":"https:\/\/api.w.org\/{rel}","templated":true}]}}