{"id":2556,"date":"2024-08-22T16:53:18","date_gmt":"2024-08-22T16:53:18","guid":{"rendered":"https:\/\/artestrece.com\/?post_type=product&#038;p=2556"},"modified":"2025-10-30T17:33:37","modified_gmt":"2025-10-30T17:33:37","slug":"mariposa-junonia","status":"publish","type":"product","link":"https:\/\/artestrece.com\/en\/productos\/cuadros\/mariposa-junonia\/","title":{"rendered":"Butterfly Junonia"},"content":{"rendered":"<p>Wooden frame with natural flowers with butterfly drawing in hand painted watercolor.<\/p>\n<p>The Junonia butterfly is famous for ocellated patterns on its wings, which look like eyes and serve to scare off predators. These butterflies are incredibly adaptable, occurring in a variety of habitats. Its bright color varies with temperature during development, being darker in cold climates to absorb more heat.<\/p>\n<p>Handmade sustainable wooden frame, adorned with natural flowers and protected with ecological varnish.<br \/>\nThe watercolor is painted on 300 gram cotton paper Hahnem\u00fchle vegan, fine texture, and protected with varnish. Due to the delicate nature of watercolor, it is not recommended to expose it to direct sunlight.<\/p>\n<p><strong>Measures<\/strong><br \/>\n30 x 30 centimeters<\/p>\n<p>Artes Trece is a small local craft company, all original works are hand painted by me.<br \/>\nI take care of every detail of the product and packaging, this box will be wrapped safely in recyclable materials.<br \/>\nYou will receive a completely handmade and unique product ready to hang on the wall.<\/p>","protected":false},"excerpt":{"rendered":"<p>Wooden frame with natural flowers with butterfly drawing in hand painted watercolor.<\/p>\n<p>The Junonia butterfly is famous for ocellated patterns on its wings, which look like eyes and serve to scare off predators. These butterflies are incredibly adaptable, occurring in a variety of habitats. Its bright color varies with temperature during development, being darker in cold climates to absorb more heat.<\/p>\n<p>Handmade sustainable wooden frame, adorned with natural flowers and protected with ecological varnish.<br \/>\nThe watercolor is painted on 300 gram cotton paper Hahnem\u00fchle vegan, fine texture, and protected with varnish. Due to the delicate nature of watercolor, it is not recommended to expose it to direct sunlight.<\/p>\n<p><strong>Measures<\/strong><br \/>\n30 x 30 centimeters<\/p>\n<p>Artes Trece is a small local craft company, all original works are hand painted by me.<br \/>\nI take care of every detail of the product and packaging, this box will be wrapped safely in recyclable materials.<br \/>\nYou will receive a completely handmade and unique product ready to hang on the wall.<\/p>","protected":false},"featured_media":3607,"comment_status":"closed","ping_status":"closed","template":"","meta":{"_uag_custom_page_level_css":"","site-sidebar-layout":"default","site-content-layout":"","ast-site-content-layout":"default","site-content-style":"default","site-sidebar-style":"default","ast-global-header-display":"","ast-banner-title-visibility":"","ast-main-header-display":"","ast-hfb-above-header-display":"","ast-hfb-below-header-display":"","ast-hfb-mobile-header-display":"","site-post-title":"","ast-breadcrumbs-content":"","ast-featured-img":"","footer-sml-layout":"","theme-transparent-header-meta":"default","adv-header-id-meta":"","stick-header-meta":"default","header-above-stick-meta":"","header-main-stick-meta":"","header-below-stick-meta":"","astra-migrate-meta-layouts":"set","ast-page-background-enabled":"default","ast-page-background-meta":{"desktop":{"background-color":"","background-image":"","background-repeat":"repeat","background-position":"center center","background-size":"auto","background-attachment":"scroll","background-type":"","background-media":"","overlay-type":"","overlay-color":"","overlay-opacity":"","overlay-gradient":""},"tablet":{"background-color":"","background-image":"","background-repeat":"repeat","background-position":"center center","background-size":"auto","background-attachment":"scroll","background-type":"","background-media":"","overlay-type":"","overlay-color":"","overlay-opacity":"","overlay-gradient":""},"mobile":{"background-color":"","background-image":"","background-repeat":"repeat","background-position":"center center","background-size":"auto","background-attachment":"scroll","background-type":"","background-media":"","overlay-type":"","overlay-color":"","overlay-opacity":"","overlay-gradient":""}},"ast-content-background-meta":{"desktop":{"background-color":"var(--ast-global-color-5)","background-image":"","background-repeat":"repeat","background-position":"center center","background-size":"auto","background-attachment":"scroll","background-type":"","background-media":"","overlay-type":"","overlay-color":"","overlay-opacity":"","overlay-gradient":""},"tablet":{"background-color":"var(--ast-global-color-5)","background-image":"","background-repeat":"repeat","background-position":"center center","background-size":"auto","background-attachment":"scroll","background-type":"","background-media":"","overlay-type":"","overlay-color":"","overlay-opacity":"","overlay-gradient":""},"mobile":{"background-color":"var(--ast-global-color-5)","background-image":"","background-repeat":"repeat","background-position":"center center","background-size":"auto","background-attachment":"scroll","background-type":"","background-media":"","overlay-type":"","overlay-color":"","overlay-opacity":"","overlay-gradient":""}}},"product_cat":[22],"product_tag":[],"class_list":{"0":"post-2556","1":"product","2":"type-product","3":"status-publish","4":"has-post-thumbnail","6":"product_cat-cuadros","7":"desktop-align-left","8":"tablet-align-left","9":"mobile-align-left","10":"ast-product-gallery-layout-horizontal-slider","11":"ast-magnify-disabled","12":"ast-qv-on-image","14":"first","15":"instock","16":"featured","17":"taxable","18":"shipping-taxable","19":"purchasable","20":"product-type-simple"},"uagb_featured_image_src":{"full":["https:\/\/artestrece.com\/wp-content\/uploads\/2024\/08\/cuadro-mariposa-acuarela-12-scaled.jpg",1920,2560,false],"thumbnail":["https:\/\/artestrece.com\/wp-content\/uploads\/2024\/08\/cuadro-mariposa-acuarela-12-287x287.jpg",287,287,true],"medium":["https:\/\/artestrece.com\/wp-content\/uploads\/2024\/08\/cuadro-mariposa-acuarela-12-215x287.jpg",215,287,true],"medium_large":["https:\/\/artestrece.com\/wp-content\/uploads\/2024\/08\/cuadro-mariposa-acuarela-12-768x1024.jpg",768,1024,true],"large":["https:\/\/artestrece.com\/wp-content\/uploads\/2024\/08\/cuadro-mariposa-acuarela-12-768x1024.jpg",768,1024,true],"1536x1536":["https:\/\/artestrece.com\/wp-content\/uploads\/2024\/08\/cuadro-mariposa-acuarela-12-1152x1536.jpg",1152,1536,true],"2048x2048":["https:\/\/artestrece.com\/wp-content\/uploads\/2024\/08\/cuadro-mariposa-acuarela-12-1536x2048.jpg",1536,2048,true],"trp-custom-language-flag":["https:\/\/artestrece.com\/wp-content\/uploads\/2024\/08\/cuadro-mariposa-acuarela-12-9x12.jpg",9,12,true],"woocommerce_thumbnail":["https:\/\/artestrece.com\/wp-content\/uploads\/2024\/08\/cuadro-mariposa-acuarela-12-400x400.jpg",400,400,true],"woocommerce_single":["https:\/\/artestrece.com\/wp-content\/uploads\/2024\/08\/cuadro-mariposa-acuarela-12-600x800.jpg",600,800,true],"woocommerce_gallery_thumbnail":["https:\/\/artestrece.com\/wp-content\/uploads\/2024\/08\/cuadro-mariposa-acuarela-12-100x100.jpg",100,100,true],"variation_swatches_image_size":["https:\/\/artestrece.com\/wp-content\/uploads\/2024\/08\/cuadro-mariposa-acuarela-12-50x50.jpg",50,50,true],"variation_swatches_tooltip_size":["https:\/\/artestrece.com\/wp-content\/uploads\/2024\/08\/cuadro-mariposa-acuarela-12-100x100.jpg",100,100,true]},"uagb_author_info":{"display_name":"Diana Web","author_link":"https:\/\/artestrece.com\/en\/author\/"},"uagb_comment_info":0,"uagb_excerpt":"Cuadro de madera con flores naturales con dibujo de mariposa en acuarela pintada a mano. La mariposa Junonia es famosa por los patrones ocelados en sus alas, que parecen ojos y sirven para ahuyentar depredadores. Estas mariposas son incre\u00edblemente adaptables, encontr\u00e1ndose en diversos h\u00e1bitats. Su llamativo colorido var\u00eda seg\u00fan la temperatura durante su desarrollo, siendo&hellip;","_links":{"self":[{"href":"https:\/\/artestrece.com\/en\/wp-json\/wp\/v2\/product\/2556","targetHints":{"allow":["GET"]}}],"collection":[{"href":"https:\/\/artestrece.com\/en\/wp-json\/wp\/v2\/product"}],"about":[{"href":"https:\/\/artestrece.com\/en\/wp-json\/wp\/v2\/types\/product"}],"replies":[{"embeddable":true,"href":"https:\/\/artestrece.com\/en\/wp-json\/wp\/v2\/comments?post=2556"}],"wp:featuredmedia":[{"embeddable":true,"href":"https:\/\/artestrece.com\/en\/wp-json\/wp\/v2\/media\/3607"}],"wp:attachment":[{"href":"https:\/\/artestrece.com\/en\/wp-json\/wp\/v2\/media?parent=2556"}],"wp:term":[{"taxonomy":"product_cat","embeddable":true,"href":"https:\/\/artestrece.com\/en\/wp-json\/wp\/v2\/product_cat?post=2556"},{"taxonomy":"product_tag","embeddable":true,"href":"https:\/\/artestrece.com\/en\/wp-json\/wp\/v2\/product_tag?post=2556"}],"curies":[{"name":"wp","href":"https:\/\/api.w.org\/{rel}","templated":true}]}}