{"id":2682,"date":"2024-09-12T10:32:37","date_gmt":"2024-09-12T10:32:37","guid":{"rendered":"https:\/\/artestrece.com\/?post_type=product&#038;p=2682"},"modified":"2025-10-30T17:40:34","modified_gmt":"2025-10-30T17:40:34","slug":"cactus-chumbera","status":"publish","type":"product","link":"https:\/\/artestrece.com\/en\/productos\/cuadros\/cactus-chumbera\/","title":{"rendered":"Indian fig opuntia Cactus"},"content":{"rendered":"<p>Natural wood painting with opuntia cactus drawing in hand-painted watercolor.<\/p>\n<p>Opuntia ficus-indica, known by multiple names as indian fig opuntia, nopal or chumbera. Cactus native to America that has spread all over the world. Symbol of resilience, strength and adaptability due to its ability to thrive in harsh climates and poor soils.<\/p>\n<p>Sustainable wood frame with handmade, protected with ecological varnish.<br \/>\nThe watercolor is painted on 300 gram cotton paper by Hahnem\u00fchle, of fine texture, and protected with glass.<\/p>\n<p><strong>Measures<\/strong><br \/>\n39 x 46 centimetres<\/p>","protected":false},"excerpt":{"rendered":"<p>Natural wood painting with opuntia cactus drawing in hand-painted watercolor.<\/p>\n<p>Opuntia ficus-indica, known by multiple names as indian fig opuntia, nopal or chumbera. Cactus native to America that has spread all over the world. Symbol of resilience, strength and adaptability due to its ability to thrive in harsh climates and poor soils.<\/p>\n<p>Sustainable wood frame with handmade, protected with ecological varnish.<br \/>\nThe watercolor is painted on 300 gram cotton paper by Hahnem\u00fchle, of fine texture, and protected with glass.<\/p>\n<p><strong>Measures<\/strong><br \/>\n39 x 46 centimetres<\/p>","protected":false},"featured_media":3608,"comment_status":"closed","ping_status":"closed","template":"","meta":{"_uag_custom_page_level_css":"","site-sidebar-layout":"default","site-content-layout":"","ast-site-content-layout":"default","site-content-style":"default","site-sidebar-style":"default","ast-global-header-display":"","ast-banner-title-visibility":"","ast-main-header-display":"","ast-hfb-above-header-display":"","ast-hfb-below-header-display":"","ast-hfb-mobile-header-display":"","site-post-title":"","ast-breadcrumbs-content":"","ast-featured-img":"","footer-sml-layout":"","theme-transparent-header-meta":"default","adv-header-id-meta":"","stick-header-meta":"default","header-above-stick-meta":"","header-main-stick-meta":"","header-below-stick-meta":"","astra-migrate-meta-layouts":"set","ast-page-background-enabled":"default","ast-page-background-meta":{"desktop":{"background-color":"","background-image":"","background-repeat":"repeat","background-position":"center center","background-size":"auto","background-attachment":"scroll","background-type":"","background-media":"","overlay-type":"","overlay-color":"","overlay-opacity":"","overlay-gradient":""},"tablet":{"background-color":"","background-image":"","background-repeat":"repeat","background-position":"center center","background-size":"auto","background-attachment":"scroll","background-type":"","background-media":"","overlay-type":"","overlay-color":"","overlay-opacity":"","overlay-gradient":""},"mobile":{"background-color":"","background-image":"","background-repeat":"repeat","background-position":"center center","background-size":"auto","background-attachment":"scroll","background-type":"","background-media":"","overlay-type":"","overlay-color":"","overlay-opacity":"","overlay-gradient":""}},"ast-content-background-meta":{"desktop":{"background-color":"var(--ast-global-color-5)","background-image":"","background-repeat":"repeat","background-position":"center center","background-size":"auto","background-attachment":"scroll","background-type":"","background-media":"","overlay-type":"","overlay-color":"","overlay-opacity":"","overlay-gradient":""},"tablet":{"background-color":"var(--ast-global-color-5)","background-image":"","background-repeat":"repeat","background-position":"center center","background-size":"auto","background-attachment":"scroll","background-type":"","background-media":"","overlay-type":"","overlay-color":"","overlay-opacity":"","overlay-gradient":""},"mobile":{"background-color":"var(--ast-global-color-5)","background-image":"","background-repeat":"repeat","background-position":"center center","background-size":"auto","background-attachment":"scroll","background-type":"","background-media":"","overlay-type":"","overlay-color":"","overlay-opacity":"","overlay-gradient":""}}},"product_cat":[22],"product_tag":[],"class_list":{"0":"post-2682","1":"product","2":"type-product","3":"status-publish","4":"has-post-thumbnail","6":"product_cat-cuadros","7":"desktop-align-left","8":"tablet-align-left","9":"mobile-align-left","10":"ast-product-gallery-layout-horizontal-slider","11":"ast-magnify-disabled","12":"ast-qv-on-image","14":"first","15":"instock","16":"taxable","17":"shipping-taxable","18":"purchasable","19":"product-type-simple"},"uagb_featured_image_src":{"full":["https:\/\/artestrece.com\/wp-content\/uploads\/2024\/09\/cuadro-cactus-chumbera-acuarela-12-scaled.jpg",1920,2560,false],"thumbnail":["https:\/\/artestrece.com\/wp-content\/uploads\/2024\/09\/cuadro-cactus-chumbera-acuarela-12-287x287.jpg",287,287,true],"medium":["https:\/\/artestrece.com\/wp-content\/uploads\/2024\/09\/cuadro-cactus-chumbera-acuarela-12-215x287.jpg",215,287,true],"medium_large":["https:\/\/artestrece.com\/wp-content\/uploads\/2024\/09\/cuadro-cactus-chumbera-acuarela-12-768x1024.jpg",768,1024,true],"large":["https:\/\/artestrece.com\/wp-content\/uploads\/2024\/09\/cuadro-cactus-chumbera-acuarela-12-768x1024.jpg",768,1024,true],"1536x1536":["https:\/\/artestrece.com\/wp-content\/uploads\/2024\/09\/cuadro-cactus-chumbera-acuarela-12-1152x1536.jpg",1152,1536,true],"2048x2048":["https:\/\/artestrece.com\/wp-content\/uploads\/2024\/09\/cuadro-cactus-chumbera-acuarela-12-1536x2048.jpg",1536,2048,true],"trp-custom-language-flag":["https:\/\/artestrece.com\/wp-content\/uploads\/2024\/09\/cuadro-cactus-chumbera-acuarela-12-9x12.jpg",9,12,true],"woocommerce_thumbnail":["https:\/\/artestrece.com\/wp-content\/uploads\/2024\/09\/cuadro-cactus-chumbera-acuarela-12-400x400.jpg",400,400,true],"woocommerce_single":["https:\/\/artestrece.com\/wp-content\/uploads\/2024\/09\/cuadro-cactus-chumbera-acuarela-12-600x800.jpg",600,800,true],"woocommerce_gallery_thumbnail":["https:\/\/artestrece.com\/wp-content\/uploads\/2024\/09\/cuadro-cactus-chumbera-acuarela-12-100x100.jpg",100,100,true],"variation_swatches_image_size":["https:\/\/artestrece.com\/wp-content\/uploads\/2024\/09\/cuadro-cactus-chumbera-acuarela-12-50x50.jpg",50,50,true],"variation_swatches_tooltip_size":["https:\/\/artestrece.com\/wp-content\/uploads\/2024\/09\/cuadro-cactus-chumbera-acuarela-12-100x100.jpg",100,100,true]},"uagb_author_info":{"display_name":"Diana Web","author_link":"https:\/\/artestrece.com\/en\/author\/"},"uagb_comment_info":0,"uagb_excerpt":"Cuadro de madera natural con dibujo de cactus chumbera en acuarela pintada a mano. Opuntia ficus-indica, conocido con m\u00faltiples nombres como nopal, tuna o chumbera. Cactus originario de am\u00e9rica que se ha extendido a lo largo de todo el mundo. S\u00edmbolo de resistencia, fortaleza y adaptabilidad debido a su capacidad para prosperar en climas duros&hellip;","_links":{"self":[{"href":"https:\/\/artestrece.com\/en\/wp-json\/wp\/v2\/product\/2682","targetHints":{"allow":["GET"]}}],"collection":[{"href":"https:\/\/artestrece.com\/en\/wp-json\/wp\/v2\/product"}],"about":[{"href":"https:\/\/artestrece.com\/en\/wp-json\/wp\/v2\/types\/product"}],"replies":[{"embeddable":true,"href":"https:\/\/artestrece.com\/en\/wp-json\/wp\/v2\/comments?post=2682"}],"wp:featuredmedia":[{"embeddable":true,"href":"https:\/\/artestrece.com\/en\/wp-json\/wp\/v2\/media\/3608"}],"wp:attachment":[{"href":"https:\/\/artestrece.com\/en\/wp-json\/wp\/v2\/media?parent=2682"}],"wp:term":[{"taxonomy":"product_cat","embeddable":true,"href":"https:\/\/artestrece.com\/en\/wp-json\/wp\/v2\/product_cat?post=2682"},{"taxonomy":"product_tag","embeddable":true,"href":"https:\/\/artestrece.com\/en\/wp-json\/wp\/v2\/product_tag?post=2682"}],"curies":[{"name":"wp","href":"https:\/\/api.w.org\/{rel}","templated":true}]}}