{"id":3666,"date":"2025-11-05T10:03:08","date_gmt":"2025-11-05T10:03:08","guid":{"rendered":"https:\/\/artestrece.com\/?post_type=product&#038;p=3666"},"modified":"2026-04-15T10:16:59","modified_gmt":"2026-04-15T10:16:59","slug":"tarjeta-polilla-armino","status":"publish","type":"product","link":"https:\/\/artestrece.com\/en\/productos\/postales-y-tarjetas\/tarjeta-polilla-armino\/","title":{"rendered":"Tarjeta polilla armi\u00f1o"},"content":{"rendered":"<p>Tarjeta polilla armi\u00f1o, realizada a partir de mi pintura original en acuarela.<\/p>\n<p>Tarjeta de felicitaci\u00f3n mariposas del insecto spilosoma lubricipedapolilla, com\u00fanmente conocida como polilla armi\u00f1o blanco. Est\u00e1 impresa en papel de 300 gramos con certificado PEFC, con tintas de pigmentos naturales. El sobre Kraft est\u00e1 estampado a mano. Todo ello viene envuelto y protegido en papel celof\u00e1n biodegradable.<\/p>\n<p>La tarjeta est\u00e1 en blanco por dentro para que puedas escribir un bonito mensaje a alguien especial.<\/p>\n<p><strong>Medidas aproximadas de la tarjeta:<\/strong><br \/>\n10.5 x 14.4 cent\u00edmetros<br \/>\n4.1 x 5.7 pulgadas<\/p>\n<p><strong>Medidas aproximadas del sobre:<\/strong><br \/>\n11.4 x 16.6 cent\u00edmetros<br \/>\n4.5 x 6.5 pulgadas<\/p>","protected":false},"excerpt":{"rendered":"<p>Tarjeta de felicitaci\u00f3n de mariposa blanca, realizada a partir de mi pintura original en acuarela.<\/p>\n<p>Tarjeta del insecto spilosoma lubricipedapolilla, com\u00fanmente conocida como polilla armi\u00f1o blanco. Est\u00e1 impresa en papel de 300 gramos con certificado PEFC, con tintas de pigmentos naturales. El sobre Kraft est\u00e1 estampado a mano. Todo ello viene envuelto y protegido en papel celof\u00e1n biodegradable.<\/p>\n<p>La tarjeta est\u00e1 en blanco por dentro para que puedas escribir un bonito mensaje a alguien especial.<\/p>\n<p><strong>Medidas aproximadas de la tarjeta:<\/strong><br \/>\n10.5 x 14.4 cent\u00edmetros<br \/>\n4.1 x 5.7 pulgadas<\/p>\n<p><strong>Medidas aproximadas del sobre:<\/strong><br \/>\n11.4 x 16.6 cent\u00edmetros<br \/>\n4.5 x 6.5 pulgadas<\/p>","protected":false},"featured_media":3667,"comment_status":"closed","ping_status":"closed","template":"","meta":{"_uag_custom_page_level_css":"","site-sidebar-layout":"default","site-content-layout":"","ast-site-content-layout":"default","site-content-style":"default","site-sidebar-style":"default","ast-global-header-display":"","ast-banner-title-visibility":"","ast-main-header-display":"","ast-hfb-above-header-display":"","ast-hfb-below-header-display":"","ast-hfb-mobile-header-display":"","site-post-title":"","ast-breadcrumbs-content":"","ast-featured-img":"","footer-sml-layout":"","theme-transparent-header-meta":"default","adv-header-id-meta":"","stick-header-meta":"default","header-above-stick-meta":"","header-main-stick-meta":"","header-below-stick-meta":"","astra-migrate-meta-layouts":"set","ast-page-background-enabled":"default","ast-page-background-meta":{"desktop":{"background-color":"","background-image":"","background-repeat":"repeat","background-position":"center center","background-size":"auto","background-attachment":"scroll","background-type":"","background-media":"","overlay-type":"","overlay-color":"","overlay-opacity":"","overlay-gradient":""},"tablet":{"background-color":"","background-image":"","background-repeat":"repeat","background-position":"center center","background-size":"auto","background-attachment":"scroll","background-type":"","background-media":"","overlay-type":"","overlay-color":"","overlay-opacity":"","overlay-gradient":""},"mobile":{"background-color":"","background-image":"","background-repeat":"repeat","background-position":"center center","background-size":"auto","background-attachment":"scroll","background-type":"","background-media":"","overlay-type":"","overlay-color":"","overlay-opacity":"","overlay-gradient":""}},"ast-content-background-meta":{"desktop":{"background-color":"var(--ast-global-color-5)","background-image":"","background-repeat":"repeat","background-position":"center center","background-size":"auto","background-attachment":"scroll","background-type":"","background-media":"","overlay-type":"","overlay-color":"","overlay-opacity":"","overlay-gradient":""},"tablet":{"background-color":"var(--ast-global-color-5)","background-image":"","background-repeat":"repeat","background-position":"center center","background-size":"auto","background-attachment":"scroll","background-type":"","background-media":"","overlay-type":"","overlay-color":"","overlay-opacity":"","overlay-gradient":""},"mobile":{"background-color":"var(--ast-global-color-5)","background-image":"","background-repeat":"repeat","background-position":"center center","background-size":"auto","background-attachment":"scroll","background-type":"","background-media":"","overlay-type":"","overlay-color":"","overlay-opacity":"","overlay-gradient":""}}},"product_cat":[48],"product_tag":[],"class_list":{"0":"post-3666","1":"product","2":"type-product","3":"status-publish","4":"has-post-thumbnail","6":"product_cat-postales-y-tarjetas","7":"desktop-align-left","8":"tablet-align-left","9":"mobile-align-left","10":"ast-product-gallery-layout-horizontal-slider","11":"ast-magnify-disabled","12":"ast-qv-on-image","14":"first","15":"instock","16":"taxable","17":"shipping-taxable","18":"purchasable","19":"product-type-simple"},"uagb_featured_image_src":{"full":["https:\/\/artestrece.com\/wp-content\/uploads\/2025\/11\/greeting_card_butterfly_white_7-scaled.jpg",1920,2560,false],"thumbnail":["https:\/\/artestrece.com\/wp-content\/uploads\/2025\/11\/greeting_card_butterfly_white_7-287x287.jpg",287,287,true],"medium":["https:\/\/artestrece.com\/wp-content\/uploads\/2025\/11\/greeting_card_butterfly_white_7-215x287.jpg",215,287,true],"medium_large":["https:\/\/artestrece.com\/wp-content\/uploads\/2025\/11\/greeting_card_butterfly_white_7-768x1024.jpg",768,1024,true],"large":["https:\/\/artestrece.com\/wp-content\/uploads\/2025\/11\/greeting_card_butterfly_white_7-768x1024.jpg",768,1024,true],"1536x1536":["https:\/\/artestrece.com\/wp-content\/uploads\/2025\/11\/greeting_card_butterfly_white_7-1152x1536.jpg",1152,1536,true],"2048x2048":["https:\/\/artestrece.com\/wp-content\/uploads\/2025\/11\/greeting_card_butterfly_white_7-1536x2048.jpg",1536,2048,true],"trp-custom-language-flag":["https:\/\/artestrece.com\/wp-content\/uploads\/2025\/11\/greeting_card_butterfly_white_7-9x12.jpg",9,12,true],"woocommerce_thumbnail":["https:\/\/artestrece.com\/wp-content\/uploads\/2025\/11\/greeting_card_butterfly_white_7-400x400.jpg",400,400,true],"woocommerce_single":["https:\/\/artestrece.com\/wp-content\/uploads\/2025\/11\/greeting_card_butterfly_white_7-600x800.jpg",600,800,true],"woocommerce_gallery_thumbnail":["https:\/\/artestrece.com\/wp-content\/uploads\/2025\/11\/greeting_card_butterfly_white_7-100x100.jpg",100,100,true],"variation_swatches_image_size":["https:\/\/artestrece.com\/wp-content\/uploads\/2025\/11\/greeting_card_butterfly_white_7-50x50.jpg",50,50,true],"variation_swatches_tooltip_size":["https:\/\/artestrece.com\/wp-content\/uploads\/2025\/11\/greeting_card_butterfly_white_7-100x100.jpg",100,100,true]},"uagb_author_info":{"display_name":"Diana Web","author_link":"https:\/\/artestrece.com\/en\/author\/"},"uagb_comment_info":0,"uagb_excerpt":"Tarjeta de felicitaci\u00f3n de mariposa blanca, realizada a partir de mi pintura original en acuarela. Tarjeta del insecto spilosoma lubricipedapolilla, com\u00fanmente conocida como polilla armi\u00f1o blanco. Est\u00e1 impresa en papel de 300 gramos con certificado PEFC, con tintas de pigmentos naturales. El sobre Kraft est\u00e1 estampado a mano. Todo ello viene envuelto y protegido en&hellip;","_links":{"self":[{"href":"https:\/\/artestrece.com\/en\/wp-json\/wp\/v2\/product\/3666","targetHints":{"allow":["GET"]}}],"collection":[{"href":"https:\/\/artestrece.com\/en\/wp-json\/wp\/v2\/product"}],"about":[{"href":"https:\/\/artestrece.com\/en\/wp-json\/wp\/v2\/types\/product"}],"replies":[{"embeddable":true,"href":"https:\/\/artestrece.com\/en\/wp-json\/wp\/v2\/comments?post=3666"}],"wp:featuredmedia":[{"embeddable":true,"href":"https:\/\/artestrece.com\/en\/wp-json\/wp\/v2\/media\/3667"}],"wp:attachment":[{"href":"https:\/\/artestrece.com\/en\/wp-json\/wp\/v2\/media?parent=3666"}],"wp:term":[{"taxonomy":"product_cat","embeddable":true,"href":"https:\/\/artestrece.com\/en\/wp-json\/wp\/v2\/product_cat?post=3666"},{"taxonomy":"product_tag","embeddable":true,"href":"https:\/\/artestrece.com\/en\/wp-json\/wp\/v2\/product_tag?post=3666"}],"curies":[{"name":"wp","href":"https:\/\/api.w.org\/{rel}","templated":true}]}}