{"id":3698,"date":"2025-11-05T12:25:29","date_gmt":"2025-11-05T12:25:29","guid":{"rendered":"https:\/\/artestrece.com\/?post_type=product&#038;p=3698"},"modified":"2026-04-15T10:14:23","modified_gmt":"2026-04-15T10:14:23","slug":"tigre-de-jersey","status":"publish","type":"product","link":"https:\/\/artestrece.com\/en\/productos\/marcapaginas\/tigre-de-jersey\/","title":{"rendered":"Tigre de Jersey"},"content":{"rendered":"<p>Marcap\u00e1ginas con Mariposas tigre de Jersey, hecho a partir de mi obra original en acuarela.<\/p>\n<p>Este bonito marcador de libros est\u00e1 impreso en papel de 300 gramos con certificado PEFC, con tintas de pigmentos naturales y adornado con un cord\u00f3n de yute natural.<\/p>\n<p>Adorna tus libros con este marcap\u00e1ginas ilustrado, ideal para todo amante de los libros y la naturaleza.<\/p>\n<p><strong>Tama\u00f1os aproximados del marcap\u00e1ginas, sin incluir el cord\u00f3n:<\/strong><br \/>\n14.4 x 5.7 cent\u00edmetros \/ 5.6 x 2.2 pulgadas<\/p>","protected":false},"excerpt":{"rendered":"<p>Marcap\u00e1ginas con Mariposas tigre de Jersey, hecho a partir de mi obra original en acuarela.<\/p>\n<p>Este bonito marcador de libros est\u00e1 impreso en papel de 300 gramos con certificado PEFC, con tintas de pigmentos naturales y adornado con un cord\u00f3n de yute natural.<\/p>\n<p>Adorna tus libros con este marcap\u00e1ginas ilustrado, ideal para todo amante de los libros y la naturaleza.<\/p>\n<p><strong>Tama\u00f1os aproximados del marcap\u00e1ginas, sin incluir el cord\u00f3n:<\/strong><br \/>\n14.4 x 5.7 cent\u00edmetros \/ 5.6 x 2.2 pulgadas<\/p>","protected":false},"featured_media":3699,"comment_status":"closed","ping_status":"closed","template":"","meta":{"_uag_custom_page_level_css":"","site-sidebar-layout":"default","site-content-layout":"","ast-site-content-layout":"default","site-content-style":"default","site-sidebar-style":"default","ast-global-header-display":"","ast-banner-title-visibility":"","ast-main-header-display":"","ast-hfb-above-header-display":"","ast-hfb-below-header-display":"","ast-hfb-mobile-header-display":"","site-post-title":"","ast-breadcrumbs-content":"","ast-featured-img":"","footer-sml-layout":"","theme-transparent-header-meta":"default","adv-header-id-meta":"","stick-header-meta":"default","header-above-stick-meta":"","header-main-stick-meta":"","header-below-stick-meta":"","astra-migrate-meta-layouts":"set","ast-page-background-enabled":"default","ast-page-background-meta":{"desktop":{"background-color":"","background-image":"","background-repeat":"repeat","background-position":"center center","background-size":"auto","background-attachment":"scroll","background-type":"","background-media":"","overlay-type":"","overlay-color":"","overlay-opacity":"","overlay-gradient":""},"tablet":{"background-color":"","background-image":"","background-repeat":"repeat","background-position":"center center","background-size":"auto","background-attachment":"scroll","background-type":"","background-media":"","overlay-type":"","overlay-color":"","overlay-opacity":"","overlay-gradient":""},"mobile":{"background-color":"","background-image":"","background-repeat":"repeat","background-position":"center center","background-size":"auto","background-attachment":"scroll","background-type":"","background-media":"","overlay-type":"","overlay-color":"","overlay-opacity":"","overlay-gradient":""}},"ast-content-background-meta":{"desktop":{"background-color":"var(--ast-global-color-5)","background-image":"","background-repeat":"repeat","background-position":"center center","background-size":"auto","background-attachment":"scroll","background-type":"","background-media":"","overlay-type":"","overlay-color":"","overlay-opacity":"","overlay-gradient":""},"tablet":{"background-color":"var(--ast-global-color-5)","background-image":"","background-repeat":"repeat","background-position":"center center","background-size":"auto","background-attachment":"scroll","background-type":"","background-media":"","overlay-type":"","overlay-color":"","overlay-opacity":"","overlay-gradient":""},"mobile":{"background-color":"var(--ast-global-color-5)","background-image":"","background-repeat":"repeat","background-position":"center center","background-size":"auto","background-attachment":"scroll","background-type":"","background-media":"","overlay-type":"","overlay-color":"","overlay-opacity":"","overlay-gradient":""}}},"product_cat":[26],"product_tag":[],"class_list":{"0":"post-3698","1":"product","2":"type-product","3":"status-publish","4":"has-post-thumbnail","6":"product_cat-marcapaginas","7":"desktop-align-left","8":"tablet-align-left","9":"mobile-align-left","10":"ast-product-gallery-layout-horizontal-slider","11":"ast-magnify-disabled","12":"ast-qv-on-image","14":"first","15":"instock","16":"taxable","17":"shipping-taxable","18":"purchasable","19":"product-type-simple"},"uagb_featured_image_src":{"full":["https:\/\/artestrece.com\/wp-content\/uploads\/2025\/11\/bookmark_tiger_butterfly_1-scaled-e1762345336544.jpg",1920,2402,false],"thumbnail":["https:\/\/artestrece.com\/wp-content\/uploads\/2025\/11\/bookmark_tiger_butterfly_1-scaled-e1762345336544-287x287.jpg",287,287,true],"medium":["https:\/\/artestrece.com\/wp-content\/uploads\/2025\/11\/bookmark_tiger_butterfly_1-scaled-e1762345336544-229x287.jpg",229,287,true],"medium_large":["https:\/\/artestrece.com\/wp-content\/uploads\/2025\/11\/bookmark_tiger_butterfly_1-scaled-e1762345336544-768x961.jpg",768,961,true],"large":["https:\/\/artestrece.com\/wp-content\/uploads\/2025\/11\/bookmark_tiger_butterfly_1-scaled-e1762345336544-819x1024.jpg",819,1024,true],"1536x1536":["https:\/\/artestrece.com\/wp-content\/uploads\/2025\/11\/bookmark_tiger_butterfly_1-scaled-e1762345336544-1228x1536.jpg",1228,1536,true],"2048x2048":["https:\/\/artestrece.com\/wp-content\/uploads\/2025\/11\/bookmark_tiger_butterfly_1-scaled-e1762345336544-1637x2048.jpg",1637,2048,true],"trp-custom-language-flag":["https:\/\/artestrece.com\/wp-content\/uploads\/2025\/11\/bookmark_tiger_butterfly_1-scaled-e1762345336544-10x12.jpg",10,12,true],"woocommerce_thumbnail":["https:\/\/artestrece.com\/wp-content\/uploads\/2025\/11\/bookmark_tiger_butterfly_1-scaled-e1762345336544-400x400.jpg",400,400,true],"woocommerce_single":["https:\/\/artestrece.com\/wp-content\/uploads\/2025\/11\/bookmark_tiger_butterfly_1-scaled-e1762345336544-600x751.jpg",600,751,true],"woocommerce_gallery_thumbnail":["https:\/\/artestrece.com\/wp-content\/uploads\/2025\/11\/bookmark_tiger_butterfly_1-scaled-e1762345336544-100x100.jpg",100,100,true],"variation_swatches_image_size":["https:\/\/artestrece.com\/wp-content\/uploads\/2025\/11\/bookmark_tiger_butterfly_1-scaled-e1762345336544-50x50.jpg",50,50,true],"variation_swatches_tooltip_size":["https:\/\/artestrece.com\/wp-content\/uploads\/2025\/11\/bookmark_tiger_butterfly_1-scaled-e1762345336544-100x100.jpg",100,100,true]},"uagb_author_info":{"display_name":"Diana Web","author_link":"https:\/\/artestrece.com\/en\/author\/"},"uagb_comment_info":0,"uagb_excerpt":"Marcap\u00e1ginas con Mariposas tigre de Jersey, hecho a partir de mi obra original en acuarela. Este bonito marcador de libros est\u00e1 impreso en papel de 300 gramos con certificado PEFC, con tintas de pigmentos naturales y adornado con un cord\u00f3n de yute natural. Adorna tus libros con este marcap\u00e1ginas ilustrado, ideal para todo amante de&hellip;","_links":{"self":[{"href":"https:\/\/artestrece.com\/en\/wp-json\/wp\/v2\/product\/3698","targetHints":{"allow":["GET"]}}],"collection":[{"href":"https:\/\/artestrece.com\/en\/wp-json\/wp\/v2\/product"}],"about":[{"href":"https:\/\/artestrece.com\/en\/wp-json\/wp\/v2\/types\/product"}],"replies":[{"embeddable":true,"href":"https:\/\/artestrece.com\/en\/wp-json\/wp\/v2\/comments?post=3698"}],"wp:featuredmedia":[{"embeddable":true,"href":"https:\/\/artestrece.com\/en\/wp-json\/wp\/v2\/media\/3699"}],"wp:attachment":[{"href":"https:\/\/artestrece.com\/en\/wp-json\/wp\/v2\/media?parent=3698"}],"wp:term":[{"taxonomy":"product_cat","embeddable":true,"href":"https:\/\/artestrece.com\/en\/wp-json\/wp\/v2\/product_cat?post=3698"},{"taxonomy":"product_tag","embeddable":true,"href":"https:\/\/artestrece.com\/en\/wp-json\/wp\/v2\/product_tag?post=3698"}],"curies":[{"name":"wp","href":"https:\/\/api.w.org\/{rel}","templated":true}]}}