{"id":3751,"date":"2025-11-18T12:53:54","date_gmt":"2025-11-18T12:53:54","guid":{"rendered":"https:\/\/artestrece.com\/?post_type=product&#038;p=3751"},"modified":"2025-11-25T18:10:33","modified_gmt":"2025-11-25T18:10:33","slug":"caracol_entranable","status":"publish","type":"product","link":"https:\/\/artestrece.com\/en\/productos\/acuarelas\/original\/caracol_entranable\/","title":{"rendered":"Caracol entra\u00f1able"},"content":{"rendered":"<p>Esta pintura original en acuarela pintada a mano, muestra a un caracol entra\u00f1able que pasea feliz entre un pu\u00f1ado de flores silvestres. Hay algo m\u00e1gico en su ritmo tranquilo, como si fuera el guardi\u00e1n secreto del jard\u00edn, trayendo consigo ese encanto tan propio del arte del bosque y de los cuentos que despiertan sonrisas.<\/p>\n<p>Perfecta para amantes del arte natural del bosque, del arte m\u00e1gico y de las piezas que transmiten alegr\u00eda suave, esta obra de arte de caracol, con su mezcla de flores y fantas\u00eda, es un soplo de ternura y frescura para cualquier espacio. Un peque\u00f1o tesoro ilustrado que hace que el coraz\u00f3n se sienta un poquito m\u00e1s ligero.<\/p>\n<p>Pinto mis obras de arte en papel de algod\u00f3n Hahnemuhle vegano de 300 gramos, con acuarelas de pigmentos naturales.<\/p>\n<p><strong>Medidas aproximadas de l\u00e1mina:<\/strong><br \/>\n23 x 23 cent\u00edmetros<br \/>\n9 x 9 pulgadas<\/p>\n<p>Marco no incluido<\/p>","protected":false},"excerpt":{"rendered":"<p>Esta pintura original en acuarela pintada a mano, muestra a un peque\u00f1o caracol que pasea feliz entre un pu\u00f1ado de flores silvestres. Hay algo m\u00e1gico en su ritmo tranquilo, como si fuera el guardi\u00e1n secreto del jard\u00edn, trayendo consigo ese encanto tan propio del arte del bosque y de los cuentos que despiertan sonrisas.<\/p>\n<p>Perfecta para amantes del arte natural del bosque, del arte m\u00e1gico y de las piezas que transmiten alegr\u00eda suave, esta obra de arte de caracol, con su mezcla de flores y fantas\u00eda, es un soplo de ternura y frescura para cualquier espacio. Un peque\u00f1o tesoro ilustrado que hace que el coraz\u00f3n se sienta un poquito m\u00e1s ligero.<\/p>\n<p>Pinto mis obras de arte en papel de algod\u00f3n Hahnemuhle vegano de 300 gramos, con acuarelas de pigmentos naturales.<\/p>\n<p><strong>Medidas aproximadas de l\u00e1mina:<\/strong><br \/>\n23 x 23 cent\u00edmetros<br \/>\n9 x 9 pulgadas<\/p>\n<p>Marco no incluido<\/p>","protected":false},"featured_media":3752,"comment_status":"closed","ping_status":"closed","template":"","meta":{"_uag_custom_page_level_css":"","site-sidebar-layout":"default","site-content-layout":"","ast-site-content-layout":"default","site-content-style":"default","site-sidebar-style":"default","ast-global-header-display":"","ast-banner-title-visibility":"","ast-main-header-display":"","ast-hfb-above-header-display":"","ast-hfb-below-header-display":"","ast-hfb-mobile-header-display":"","site-post-title":"","ast-breadcrumbs-content":"","ast-featured-img":"","footer-sml-layout":"","theme-transparent-header-meta":"default","adv-header-id-meta":"","stick-header-meta":"default","header-above-stick-meta":"","header-main-stick-meta":"","header-below-stick-meta":"","astra-migrate-meta-layouts":"set","ast-page-background-enabled":"default","ast-page-background-meta":{"desktop":{"background-color":"","background-image":"","background-repeat":"repeat","background-position":"center center","background-size":"auto","background-attachment":"scroll","background-type":"","background-media":"","overlay-type":"","overlay-color":"","overlay-opacity":"","overlay-gradient":""},"tablet":{"background-color":"","background-image":"","background-repeat":"repeat","background-position":"center center","background-size":"auto","background-attachment":"scroll","background-type":"","background-media":"","overlay-type":"","overlay-color":"","overlay-opacity":"","overlay-gradient":""},"mobile":{"background-color":"","background-image":"","background-repeat":"repeat","background-position":"center center","background-size":"auto","background-attachment":"scroll","background-type":"","background-media":"","overlay-type":"","overlay-color":"","overlay-opacity":"","overlay-gradient":""}},"ast-content-background-meta":{"desktop":{"background-color":"var(--ast-global-color-5)","background-image":"","background-repeat":"repeat","background-position":"center center","background-size":"auto","background-attachment":"scroll","background-type":"","background-media":"","overlay-type":"","overlay-color":"","overlay-opacity":"","overlay-gradient":""},"tablet":{"background-color":"var(--ast-global-color-5)","background-image":"","background-repeat":"repeat","background-position":"center center","background-size":"auto","background-attachment":"scroll","background-type":"","background-media":"","overlay-type":"","overlay-color":"","overlay-opacity":"","overlay-gradient":""},"mobile":{"background-color":"var(--ast-global-color-5)","background-image":"","background-repeat":"repeat","background-position":"center center","background-size":"auto","background-attachment":"scroll","background-type":"","background-media":"","overlay-type":"","overlay-color":"","overlay-opacity":"","overlay-gradient":""}}},"product_cat":[24],"product_tag":[],"class_list":{"0":"post-3751","1":"product","2":"type-product","3":"status-publish","4":"has-post-thumbnail","6":"product_cat-original","7":"desktop-align-left","8":"tablet-align-left","9":"mobile-align-left","10":"ast-product-gallery-layout-horizontal-slider","11":"ast-magnify-disabled","12":"ast-qv-on-image","14":"first","15":"instock","16":"featured","17":"taxable","18":"shipping-taxable","19":"purchasable","20":"product-type-simple"},"uagb_featured_image_src":{"full":["https:\/\/artestrece.com\/wp-content\/uploads\/2025\/11\/original_watercolor_snail_and_flowers_9.jpg",1920,2560,false],"thumbnail":["https:\/\/artestrece.com\/wp-content\/uploads\/2025\/11\/original_watercolor_snail_and_flowers_9-287x287.jpg",287,287,true],"medium":["https:\/\/artestrece.com\/wp-content\/uploads\/2025\/11\/original_watercolor_snail_and_flowers_9-215x287.jpg",215,287,true],"medium_large":["https:\/\/artestrece.com\/wp-content\/uploads\/2025\/11\/original_watercolor_snail_and_flowers_9-768x1024.jpg",768,1024,true],"large":["https:\/\/artestrece.com\/wp-content\/uploads\/2025\/11\/original_watercolor_snail_and_flowers_9-768x1024.jpg",768,1024,true],"1536x1536":["https:\/\/artestrece.com\/wp-content\/uploads\/2025\/11\/original_watercolor_snail_and_flowers_9-1152x1536.jpg",1152,1536,true],"2048x2048":["https:\/\/artestrece.com\/wp-content\/uploads\/2025\/11\/original_watercolor_snail_and_flowers_9-1536x2048.jpg",1536,2048,true],"trp-custom-language-flag":["https:\/\/artestrece.com\/wp-content\/uploads\/2025\/11\/original_watercolor_snail_and_flowers_9-9x12.jpg",9,12,true],"woocommerce_thumbnail":["https:\/\/artestrece.com\/wp-content\/uploads\/2025\/11\/original_watercolor_snail_and_flowers_9-400x400.jpg",400,400,true],"woocommerce_single":["https:\/\/artestrece.com\/wp-content\/uploads\/2025\/11\/original_watercolor_snail_and_flowers_9-600x800.jpg",600,800,true],"woocommerce_gallery_thumbnail":["https:\/\/artestrece.com\/wp-content\/uploads\/2025\/11\/original_watercolor_snail_and_flowers_9-100x100.jpg",100,100,true],"variation_swatches_image_size":["https:\/\/artestrece.com\/wp-content\/uploads\/2025\/11\/original_watercolor_snail_and_flowers_9-50x50.jpg",50,50,true],"variation_swatches_tooltip_size":["https:\/\/artestrece.com\/wp-content\/uploads\/2025\/11\/original_watercolor_snail_and_flowers_9-100x100.jpg",100,100,true]},"uagb_author_info":{"display_name":"Diana Web","author_link":"https:\/\/artestrece.com\/en\/author\/"},"uagb_comment_info":0,"uagb_excerpt":"Esta pintura original en acuarela pintada a mano, muestra a un peque\u00f1o caracol que pasea feliz entre un pu\u00f1ado de flores silvestres. Hay algo m\u00e1gico en su ritmo tranquilo, como si fuera el guardi\u00e1n secreto del jard\u00edn, trayendo consigo ese encanto tan propio del arte del bosque y de los cuentos que despiertan sonrisas. Perfecta&hellip;","_links":{"self":[{"href":"https:\/\/artestrece.com\/en\/wp-json\/wp\/v2\/product\/3751","targetHints":{"allow":["GET"]}}],"collection":[{"href":"https:\/\/artestrece.com\/en\/wp-json\/wp\/v2\/product"}],"about":[{"href":"https:\/\/artestrece.com\/en\/wp-json\/wp\/v2\/types\/product"}],"replies":[{"embeddable":true,"href":"https:\/\/artestrece.com\/en\/wp-json\/wp\/v2\/comments?post=3751"}],"wp:featuredmedia":[{"embeddable":true,"href":"https:\/\/artestrece.com\/en\/wp-json\/wp\/v2\/media\/3752"}],"wp:attachment":[{"href":"https:\/\/artestrece.com\/en\/wp-json\/wp\/v2\/media?parent=3751"}],"wp:term":[{"taxonomy":"product_cat","embeddable":true,"href":"https:\/\/artestrece.com\/en\/wp-json\/wp\/v2\/product_cat?post=3751"},{"taxonomy":"product_tag","embeddable":true,"href":"https:\/\/artestrece.com\/en\/wp-json\/wp\/v2\/product_tag?post=3751"}],"curies":[{"name":"wp","href":"https:\/\/api.w.org\/{rel}","templated":true}]}}