{"id":3760,"date":"2025-11-27T17:12:40","date_gmt":"2025-11-27T17:12:40","guid":{"rendered":"https:\/\/artestrece.com\/?post_type=product&#038;p=3760"},"modified":"2026-04-15T10:14:02","modified_gmt":"2026-04-15T10:14:02","slug":"caja-mariposa-morada","status":"publish","type":"product","link":"https:\/\/artestrece.com\/en\/productos\/cajas\/caja-mariposa-morada\/","title":{"rendered":"Caja mariposa morada"},"content":{"rendered":"<p>Esta caja mariposa morada, de madera peque\u00f1a tiene el encanto de los objetos que se hacen despacio y con cari\u00f1o. En la tapa lleva una de mis ilustraciones, hecha originalmente en acuarela, est\u00e1 estampada con una bonita t\u00e9cnica que deja traspasar la beta de la madera y que le da ese toque final r\u00fastico, no es una pegatina. La caja est\u00e1 protegida con barniz ecol\u00f3gico para que dure muchos a\u00f1os. Es ligera, agradable al tacto y tiene ese aire natural que encaja en cualquier rinc\u00f3n.<\/p>\n<p>Funciona muy bien como caja de anillos peque\u00f1a, caja de tesoro o incluso como caja de baratijas para guardar esos detalles que siempre quieres tener a mano: una joya especial, una nota que te hace sonre\u00edr o cualquier peque\u00f1o recuerdo que vas acumulando en la vida.<\/p>\n<p><strong>Approximate measures:<\/strong><br \/>\nAncho &#8211; 8.8 cent\u00edmetro \/ 3.5 pulgadas<br \/>\nAlto &#8211; 4.9 cent\u00edmetros \/ 1.9 pulgadas<br \/>\nFondo 5.4 cent\u00edmetros \/ 2.1 pulgadas<\/p>\n<p><strong>Medidas aproximadas interior:<\/strong><br \/>\nAncho &#8211; 7.6 cent\u00edmetro \/ 3 pulgadas<br \/>\nAlto &#8211; 2.7 cent\u00edmetros \/ 1 pulgadas<br \/>\nFondo 4.1 cent\u00edmetros \/ 1.6 pulgadas<\/p>\n<p>Se limpia f\u00e1cilmente con un trapo h\u00famedo.<\/p>\n<p>Este es un producto artesanal, la caja que recibir\u00e1 ser\u00e1 similar a la de las fotos, pero no id\u00e9ntica, pudiendo cambiar ligeramente las betas de la madera o las medidas. Tu caja ser\u00e1 totalmente \u00fanica.<\/p>","protected":false},"excerpt":{"rendered":"<p>Esta caja de madera peque\u00f1a tiene el encanto de los objetos que se hacen despacio y con cari\u00f1o. En la tapa lleva una de mis ilustraciones, hecha originalmente en acuarela, est\u00e1 estampada con una bonita t\u00e9cnica que deja traspasar la beta de la madera y que le da ese toque final r\u00fastico, no es una pegatina. La caja est\u00e1 protegida con barniz ecol\u00f3gico para que dure muchos a\u00f1os. Es ligera, agradable al tacto y tiene ese aire natural que encaja en cualquier rinc\u00f3n.<\/p>\n<p>Funciona muy bien como caja de anillos peque\u00f1a, caja de tesoro o incluso como caja de baratijas para guardar esos detalles que siempre quieres tener a mano: una joya especial, una nota que te hace sonre\u00edr o cualquier peque\u00f1o recuerdo que vas acumulando en la vida.<\/p>\n<p><strong>Approximate measures:<\/strong><br \/>\nAncho &#8211; 8.8 cent\u00edmetro \/ 3.5 pulgadas<br \/>\nAlto &#8211; 4.9 cent\u00edmetros \/ 1.9 pulgadas<br \/>\nFondo 5.4 cent\u00edmetros \/ 2.1 pulgadas<\/p>\n<p><strong>Medidas aproximadas interior:<\/strong><br \/>\nAncho &#8211; 7.6 cent\u00edmetro \/ 3 pulgadas<br \/>\nAlto &#8211; 2.7 cent\u00edmetros \/ 1 pulgadas<br \/>\nFondo 4.1 cent\u00edmetros \/ 1.6 pulgadas<\/p>\n<p>Se limpia f\u00e1cilmente con un trapo h\u00famedo.<\/p>\n<p>Este es un producto artesanal, la caja que recibir\u00e1 ser\u00e1 similar a la de las fotos, pero no id\u00e9ntica, pudiendo cambiar ligeramente las betas de la madera o las medidas. Tu caja ser\u00e1 totalmente \u00fanica.<\/p>","protected":false},"featured_media":3834,"comment_status":"closed","ping_status":"closed","template":"","meta":{"_uag_custom_page_level_css":"","site-sidebar-layout":"default","site-content-layout":"","ast-site-content-layout":"default","site-content-style":"default","site-sidebar-style":"default","ast-global-header-display":"","ast-banner-title-visibility":"","ast-main-header-display":"","ast-hfb-above-header-display":"","ast-hfb-below-header-display":"","ast-hfb-mobile-header-display":"","site-post-title":"","ast-breadcrumbs-content":"","ast-featured-img":"","footer-sml-layout":"","theme-transparent-header-meta":"default","adv-header-id-meta":"","stick-header-meta":"default","header-above-stick-meta":"","header-main-stick-meta":"","header-below-stick-meta":"","astra-migrate-meta-layouts":"set","ast-page-background-enabled":"default","ast-page-background-meta":{"desktop":{"background-color":"","background-image":"","background-repeat":"repeat","background-position":"center center","background-size":"auto","background-attachment":"scroll","background-type":"","background-media":"","overlay-type":"","overlay-color":"","overlay-opacity":"","overlay-gradient":""},"tablet":{"background-color":"","background-image":"","background-repeat":"repeat","background-position":"center center","background-size":"auto","background-attachment":"scroll","background-type":"","background-media":"","overlay-type":"","overlay-color":"","overlay-opacity":"","overlay-gradient":""},"mobile":{"background-color":"","background-image":"","background-repeat":"repeat","background-position":"center center","background-size":"auto","background-attachment":"scroll","background-type":"","background-media":"","overlay-type":"","overlay-color":"","overlay-opacity":"","overlay-gradient":""}},"ast-content-background-meta":{"desktop":{"background-color":"var(--ast-global-color-5)","background-image":"","background-repeat":"repeat","background-position":"center center","background-size":"auto","background-attachment":"scroll","background-type":"","background-media":"","overlay-type":"","overlay-color":"","overlay-opacity":"","overlay-gradient":""},"tablet":{"background-color":"var(--ast-global-color-5)","background-image":"","background-repeat":"repeat","background-position":"center center","background-size":"auto","background-attachment":"scroll","background-type":"","background-media":"","overlay-type":"","overlay-color":"","overlay-opacity":"","overlay-gradient":""},"mobile":{"background-color":"var(--ast-global-color-5)","background-image":"","background-repeat":"repeat","background-position":"center center","background-size":"auto","background-attachment":"scroll","background-type":"","background-media":"","overlay-type":"","overlay-color":"","overlay-opacity":"","overlay-gradient":""}}},"product_cat":[50],"product_tag":[],"class_list":{"0":"post-3760","1":"product","2":"type-product","3":"status-publish","4":"has-post-thumbnail","6":"product_cat-cajas","7":"desktop-align-left","8":"tablet-align-left","9":"mobile-align-left","10":"ast-product-gallery-layout-horizontal-slider","11":"ast-magnify-disabled","12":"ast-qv-on-image","14":"first","15":"instock","16":"taxable","17":"shipping-taxable","18":"purchasable","19":"product-type-simple"},"uagb_featured_image_src":{"full":["https:\/\/artestrece.com\/wp-content\/uploads\/2025\/11\/wooden_box_butterfly_purple_12.jpg",1920,2560,false],"thumbnail":["https:\/\/artestrece.com\/wp-content\/uploads\/2025\/11\/wooden_box_butterfly_purple_12-287x287.jpg",287,287,true],"medium":["https:\/\/artestrece.com\/wp-content\/uploads\/2025\/11\/wooden_box_butterfly_purple_12-215x287.jpg",215,287,true],"medium_large":["https:\/\/artestrece.com\/wp-content\/uploads\/2025\/11\/wooden_box_butterfly_purple_12-768x1024.jpg",768,1024,true],"large":["https:\/\/artestrece.com\/wp-content\/uploads\/2025\/11\/wooden_box_butterfly_purple_12-768x1024.jpg",768,1024,true],"1536x1536":["https:\/\/artestrece.com\/wp-content\/uploads\/2025\/11\/wooden_box_butterfly_purple_12-1152x1536.jpg",1152,1536,true],"2048x2048":["https:\/\/artestrece.com\/wp-content\/uploads\/2025\/11\/wooden_box_butterfly_purple_12-1536x2048.jpg",1536,2048,true],"trp-custom-language-flag":["https:\/\/artestrece.com\/wp-content\/uploads\/2025\/11\/wooden_box_butterfly_purple_12-9x12.jpg",9,12,true],"woocommerce_thumbnail":["https:\/\/artestrece.com\/wp-content\/uploads\/2025\/11\/wooden_box_butterfly_purple_12-400x400.jpg",400,400,true],"woocommerce_single":["https:\/\/artestrece.com\/wp-content\/uploads\/2025\/11\/wooden_box_butterfly_purple_12-600x800.jpg",600,800,true],"woocommerce_gallery_thumbnail":["https:\/\/artestrece.com\/wp-content\/uploads\/2025\/11\/wooden_box_butterfly_purple_12-100x100.jpg",100,100,true],"variation_swatches_image_size":["https:\/\/artestrece.com\/wp-content\/uploads\/2025\/11\/wooden_box_butterfly_purple_12-50x50.jpg",50,50,true],"variation_swatches_tooltip_size":["https:\/\/artestrece.com\/wp-content\/uploads\/2025\/11\/wooden_box_butterfly_purple_12-100x100.jpg",100,100,true]},"uagb_author_info":{"display_name":"Diana Web","author_link":"https:\/\/artestrece.com\/en\/author\/"},"uagb_comment_info":0,"uagb_excerpt":"Esta caja de madera peque\u00f1a tiene el encanto de los objetos que se hacen despacio y con cari\u00f1o. En la tapa lleva una de mis ilustraciones, hecha originalmente en acuarela, est\u00e1 estampada con una bonita t\u00e9cnica que deja traspasar la beta de la madera y que le da ese toque final r\u00fastico, no es una&hellip;","_links":{"self":[{"href":"https:\/\/artestrece.com\/en\/wp-json\/wp\/v2\/product\/3760","targetHints":{"allow":["GET"]}}],"collection":[{"href":"https:\/\/artestrece.com\/en\/wp-json\/wp\/v2\/product"}],"about":[{"href":"https:\/\/artestrece.com\/en\/wp-json\/wp\/v2\/types\/product"}],"replies":[{"embeddable":true,"href":"https:\/\/artestrece.com\/en\/wp-json\/wp\/v2\/comments?post=3760"}],"wp:featuredmedia":[{"embeddable":true,"href":"https:\/\/artestrece.com\/en\/wp-json\/wp\/v2\/media\/3834"}],"wp:attachment":[{"href":"https:\/\/artestrece.com\/en\/wp-json\/wp\/v2\/media?parent=3760"}],"wp:term":[{"taxonomy":"product_cat","embeddable":true,"href":"https:\/\/artestrece.com\/en\/wp-json\/wp\/v2\/product_cat?post=3760"},{"taxonomy":"product_tag","embeddable":true,"href":"https:\/\/artestrece.com\/en\/wp-json\/wp\/v2\/product_tag?post=3760"}],"curies":[{"name":"wp","href":"https:\/\/api.w.org\/{rel}","templated":true}]}}