{"id":3787,"date":"2026-01-21T15:02:05","date_gmt":"2026-01-21T15:02:05","guid":{"rendered":"https:\/\/artestrece.com\/?post_type=product&#038;p=3787"},"modified":"2026-04-15T10:11:55","modified_gmt":"2026-04-15T10:11:55","slug":"seta-del-bosque","status":"publish","type":"product","link":"https:\/\/artestrece.com\/en\/productos\/posavasos\/seta-del-bosque\/","title":{"rendered":"Seta del bosque"},"content":{"rendered":"<p>Estos posavasos de madera tienen como protagonista a la seta del bosque amanita caesarea, rodeada de flores y hojas que parece reci\u00e9n recogida en un paseo oto\u00f1al. Cada pieza est\u00e1 creada de forma artesanal, cuidando los detalles y el encanto natural de la madera. Son posavasos bonitos, con personalidad, pensados para acompa\u00f1ar tus momentos de caf\u00e9, t\u00e9 o sobremesa con una sonrisa.<\/p>\n<p>Este set de posavasos hechos a mano une lo pr\u00e1ctico con lo po\u00e9tico. Protegen la mesa, s\u00ed, pero tambi\u00e9n la decoran. Su estilo encaja a la perfecci\u00f3n con la decoraci\u00f3n retro y el universo cottagecore, convirti\u00e9ndolos en un peque\u00f1o objeto decorativo que habla de amor por la naturaleza.<\/p>\n<p>Si buscas un regalo especial, este conjunto es perfecto como regalo para amantes de setas, para fans del arte de hongos o para quienes sienten debilidad por los regalos criaturas del bosque. El set posavasos funciona de maravilla como detalle para una casa nueva, un cumplea\u00f1os o simplemente para sorprender sin motivo. Un regalo cottagecore con alma artesanal, que aporta calidez, encanto y un pedacito de bosque a cualquier hogar.<\/p>\n<p>De limpieza sencilla con un trapo h\u00famedo. Su protecci\u00f3n con barniz ecol\u00f3gico los hace resistentes al calor, fr\u00edo y humedad.<\/p>\n<p><strong>Approximate measures:<\/strong><br \/>\n9 x 9 cent\u00edmetros<br \/>\n3.5 x 3.5 pulgadas<\/p>\n<p>Este es un producto artesanal. Cada posavasos es similar al de las fotos, pero no id\u00e9ntico, pudiendo cambiar ligeramente las betas de la madera o el color. Tus posavasos ser\u00e1n totalmente \u00fanicos.<\/p>","protected":false},"excerpt":{"rendered":"<p>Estos posavasos de madera tienen como protagonista a la seta amanita caesarea, rodeada de flores y hojas que parece reci\u00e9n recogida en un paseo oto\u00f1al. Cada pieza est\u00e1 creada de forma artesanal, cuidando los detalles y el encanto natural de la madera. Son posavasos bonitos, con personalidad, pensados para acompa\u00f1ar tus momentos de caf\u00e9, t\u00e9 o sobremesa con una sonrisa.<\/p>\n<p>Este set de posavasos hechos a mano une lo pr\u00e1ctico con lo po\u00e9tico. Protegen la mesa, s\u00ed, pero tambi\u00e9n la decoran. Su estilo encaja a la perfecci\u00f3n con la decoraci\u00f3n retro y el universo cottagecore, convirti\u00e9ndolos en un peque\u00f1o objeto decorativo que habla de amor por la naturaleza.<\/p>\n<p>Si buscas un regalo especial, este conjunto es perfecto como regalo para amantes de setas, para fans del arte de hongos o para quienes sienten debilidad por los regalos criaturas del bosque. El set posavasos funciona de maravilla como detalle para una casa nueva, un cumplea\u00f1os o simplemente para sorprender sin motivo. Un regalo cottagecore con alma artesanal, que aporta calidez, encanto y un pedacito de bosque a cualquier hogar.<\/p>\n<p>De limpieza sencilla con un trapo h\u00famedo. Su protecci\u00f3n con barniz ecol\u00f3gico los hace resistentes al calor, fr\u00edo y humedad.<\/p>\n<p><strong>Approximate measures:<\/strong><br \/>\n9 x 9 cent\u00edmetros<br \/>\n3.5 x 3.5 pulgadas<\/p>\n<p>Este es un producto artesanal. Cada posavasos es similar al de las fotos, pero no id\u00e9ntico, pudiendo cambiar ligeramente las betas de la madera o el color. Tus posavasos ser\u00e1n totalmente \u00fanicos.<\/p>","protected":false},"featured_media":3788,"comment_status":"closed","ping_status":"closed","template":"","meta":{"_uag_custom_page_level_css":"","site-sidebar-layout":"default","site-content-layout":"","ast-site-content-layout":"default","site-content-style":"default","site-sidebar-style":"default","ast-global-header-display":"","ast-banner-title-visibility":"","ast-main-header-display":"","ast-hfb-above-header-display":"","ast-hfb-below-header-display":"","ast-hfb-mobile-header-display":"","site-post-title":"","ast-breadcrumbs-content":"","ast-featured-img":"","footer-sml-layout":"","theme-transparent-header-meta":"default","adv-header-id-meta":"","stick-header-meta":"default","header-above-stick-meta":"","header-main-stick-meta":"","header-below-stick-meta":"","astra-migrate-meta-layouts":"set","ast-page-background-enabled":"default","ast-page-background-meta":{"desktop":{"background-color":"","background-image":"","background-repeat":"repeat","background-position":"center center","background-size":"auto","background-attachment":"scroll","background-type":"","background-media":"","overlay-type":"","overlay-color":"","overlay-opacity":"","overlay-gradient":""},"tablet":{"background-color":"","background-image":"","background-repeat":"repeat","background-position":"center center","background-size":"auto","background-attachment":"scroll","background-type":"","background-media":"","overlay-type":"","overlay-color":"","overlay-opacity":"","overlay-gradient":""},"mobile":{"background-color":"","background-image":"","background-repeat":"repeat","background-position":"center center","background-size":"auto","background-attachment":"scroll","background-type":"","background-media":"","overlay-type":"","overlay-color":"","overlay-opacity":"","overlay-gradient":""}},"ast-content-background-meta":{"desktop":{"background-color":"var(--ast-global-color-5)","background-image":"","background-repeat":"repeat","background-position":"center center","background-size":"auto","background-attachment":"scroll","background-type":"","background-media":"","overlay-type":"","overlay-color":"","overlay-opacity":"","overlay-gradient":""},"tablet":{"background-color":"var(--ast-global-color-5)","background-image":"","background-repeat":"repeat","background-position":"center center","background-size":"auto","background-attachment":"scroll","background-type":"","background-media":"","overlay-type":"","overlay-color":"","overlay-opacity":"","overlay-gradient":""},"mobile":{"background-color":"var(--ast-global-color-5)","background-image":"","background-repeat":"repeat","background-position":"center center","background-size":"auto","background-attachment":"scroll","background-type":"","background-media":"","overlay-type":"","overlay-color":"","overlay-opacity":"","overlay-gradient":""}}},"product_cat":[43],"product_tag":[],"class_list":{"0":"post-3787","1":"product","2":"type-product","3":"status-publish","4":"has-post-thumbnail","6":"product_cat-posavasos","7":"desktop-align-left","8":"tablet-align-left","9":"mobile-align-left","10":"ast-product-gallery-layout-horizontal-slider","11":"ast-magnify-disabled","12":"ast-product-single-variable","13":"ast-qv-on-image","15":"first","16":"instock","17":"taxable","18":"shipping-taxable","19":"purchasable","20":"product-type-variable"},"uagb_featured_image_src":{"full":["https:\/\/artestrece.com\/wp-content\/uploads\/2026\/01\/coasters_mushroom_and_leaves_11.jpg",1920,2560,false],"thumbnail":["https:\/\/artestrece.com\/wp-content\/uploads\/2026\/01\/coasters_mushroom_and_leaves_11-287x287.jpg",287,287,true],"medium":["https:\/\/artestrece.com\/wp-content\/uploads\/2026\/01\/coasters_mushroom_and_leaves_11-215x287.jpg",215,287,true],"medium_large":["https:\/\/artestrece.com\/wp-content\/uploads\/2026\/01\/coasters_mushroom_and_leaves_11-768x1024.jpg",768,1024,true],"large":["https:\/\/artestrece.com\/wp-content\/uploads\/2026\/01\/coasters_mushroom_and_leaves_11-768x1024.jpg",768,1024,true],"1536x1536":["https:\/\/artestrece.com\/wp-content\/uploads\/2026\/01\/coasters_mushroom_and_leaves_11-1152x1536.jpg",1152,1536,true],"2048x2048":["https:\/\/artestrece.com\/wp-content\/uploads\/2026\/01\/coasters_mushroom_and_leaves_11-1536x2048.jpg",1536,2048,true],"trp-custom-language-flag":["https:\/\/artestrece.com\/wp-content\/uploads\/2026\/01\/coasters_mushroom_and_leaves_11-9x12.jpg",9,12,true],"woocommerce_thumbnail":["https:\/\/artestrece.com\/wp-content\/uploads\/2026\/01\/coasters_mushroom_and_leaves_11-400x400.jpg",400,400,true],"woocommerce_single":["https:\/\/artestrece.com\/wp-content\/uploads\/2026\/01\/coasters_mushroom_and_leaves_11-600x800.jpg",600,800,true],"woocommerce_gallery_thumbnail":["https:\/\/artestrece.com\/wp-content\/uploads\/2026\/01\/coasters_mushroom_and_leaves_11-100x100.jpg",100,100,true],"variation_swatches_image_size":["https:\/\/artestrece.com\/wp-content\/uploads\/2026\/01\/coasters_mushroom_and_leaves_11-50x50.jpg",50,50,true],"variation_swatches_tooltip_size":["https:\/\/artestrece.com\/wp-content\/uploads\/2026\/01\/coasters_mushroom_and_leaves_11-100x100.jpg",100,100,true]},"uagb_author_info":{"display_name":"Diana Web","author_link":"https:\/\/artestrece.com\/en\/author\/"},"uagb_comment_info":0,"uagb_excerpt":"Estos posavasos de madera tienen como protagonista a la seta amanita caesarea, rodeada de flores y hojas que parece reci\u00e9n recogida en un paseo oto\u00f1al. Cada pieza est\u00e1 creada de forma artesanal, cuidando los detalles y el encanto natural de la madera. Son posavasos bonitos, con personalidad, pensados para acompa\u00f1ar tus momentos de caf\u00e9, t\u00e9&hellip;","_links":{"self":[{"href":"https:\/\/artestrece.com\/en\/wp-json\/wp\/v2\/product\/3787","targetHints":{"allow":["GET"]}}],"collection":[{"href":"https:\/\/artestrece.com\/en\/wp-json\/wp\/v2\/product"}],"about":[{"href":"https:\/\/artestrece.com\/en\/wp-json\/wp\/v2\/types\/product"}],"replies":[{"embeddable":true,"href":"https:\/\/artestrece.com\/en\/wp-json\/wp\/v2\/comments?post=3787"}],"wp:featuredmedia":[{"embeddable":true,"href":"https:\/\/artestrece.com\/en\/wp-json\/wp\/v2\/media\/3788"}],"wp:attachment":[{"href":"https:\/\/artestrece.com\/en\/wp-json\/wp\/v2\/media?parent=3787"}],"wp:term":[{"taxonomy":"product_cat","embeddable":true,"href":"https:\/\/artestrece.com\/en\/wp-json\/wp\/v2\/product_cat?post=3787"},{"taxonomy":"product_tag","embeddable":true,"href":"https:\/\/artestrece.com\/en\/wp-json\/wp\/v2\/product_tag?post=3787"}],"curies":[{"name":"wp","href":"https:\/\/api.w.org\/{rel}","templated":true}]}}