{"id":3797,"date":"2026-02-05T12:42:01","date_gmt":"2026-02-05T12:42:01","guid":{"rendered":"https:\/\/artestrece.com\/?post_type=product&#038;p=3797"},"modified":"2026-02-05T12:42:02","modified_gmt":"2026-02-05T12:42:02","slug":"escarabajo-rayado","status":"publish","type":"product","link":"https:\/\/artestrece.com\/en\/productos\/acuarelas\/original\/escarabajo-rayado\/","title":{"rendered":"Escarabajo rayado"},"content":{"rendered":"<p>Ilustraci\u00f3n original en acuarela, pintada a mano, de un escarabajo rayado que combina la precisi\u00f3n de la entomolog\u00eda con un toque entra\u00f1able. El resultado es un escarabajo realista, pero con un punto de arte caprichoso que lo hace brillar con personalidad propia. Es una pieza perfecta para quienes adoran el arte de insectos y disfrutan rodearse de peque\u00f1os tesoros de la vida silvestre.<\/p>\n<p>Decoraci\u00f3n vintage y de estilo cottagecore ideal para amantes de la naturaleza, coleccionistas de curiosidades bot\u00e1nicas y entusiastas del arte original con alma. Esta pieza de escarabajo de acuarela es una invitaci\u00f3n a detenerse, observar y dejarse sorprender por la belleza de lo diminuto.<\/p>\n<p>Pintado en papel Hahnem\u00fchle vegano de algod\u00f3n textura suave, de 300 gramos, con acuarelas de pigmentos naturales.<\/p>\n<p><strong>Medidas de la ilustraci\u00f3n:<\/strong><br \/>\n21 x 27 cent\u00edmetros<br \/>\n8.3 x 10.6 pulgadas<\/p>\n<p>Marco no incluido<\/p>\n<p>Esta acuarela ya ha encontrado un hogar \u2665<\/p>\n<p>Puedes encontrar impresiones aqu\u00ed &gt;<a href=\"https:\/\/artestrece.com\/en\/productos\/acuarelas\/print\/escarabajo_rayado_print\/\">https:\/\/artestrece.com\/productos\/acuarelas\/print\/escarabajo_rayado_print\/<\/a><\/p>","protected":false},"excerpt":{"rendered":"<p>Ilustraci\u00f3n original en acuarela, pintada a mano, de un escarabajo rayado que combina la precisi\u00f3n de la entomolog\u00eda con un toque entra\u00f1able. El resultado es un escarabajo realista, pero con un punto de arte caprichoso que lo hace brillar con personalidad propia. Es una pieza perfecta para quienes adoran el arte de insectos y disfrutan rodearse de peque\u00f1os tesoros de la vida silvestre.<\/p>\n<p>Decoraci\u00f3n vintage y de estilo cottagecore ideal para amantes de la naturaleza, coleccionistas de curiosidades bot\u00e1nicas y entusiastas del arte original con alma. Esta pieza de escarabajo de acuarela es una invitaci\u00f3n a detenerse, observar y dejarse sorprender por la belleza de lo diminuto.<\/p>\n<p>Pintado en papel Hahnem\u00fchle vegano de algod\u00f3n textura suave, de 300 gramos, con acuarelas de pigmentos naturales.<\/p>\n<p><strong>Medidas de la ilustraci\u00f3n:<\/strong><br \/>\n21 x 27 cent\u00edmetros<br \/>\n8.3 x 10.6 pulgadas<\/p>\n<p>Marco no incluido<\/p>\n<p>Esta acuarela ya ha encontrado un hogar \u2665<\/p>\n<p>Puedes encontrar impresiones aqu\u00ed &gt;<a href=\"https:\/\/artestrece.com\/en\/productos\/acuarelas\/print\/escarabajo_rayado_print\/\">https:\/\/artestrece.com\/productos\/acuarelas\/print\/escarabajo_rayado_print\/<\/a><\/p>","protected":false},"featured_media":3799,"comment_status":"closed","ping_status":"closed","template":"","meta":{"_uag_custom_page_level_css":"","site-sidebar-layout":"default","site-content-layout":"","ast-site-content-layout":"default","site-content-style":"default","site-sidebar-style":"default","ast-global-header-display":"","ast-banner-title-visibility":"","ast-main-header-display":"","ast-hfb-above-header-display":"","ast-hfb-below-header-display":"","ast-hfb-mobile-header-display":"","site-post-title":"","ast-breadcrumbs-content":"","ast-featured-img":"","footer-sml-layout":"","theme-transparent-header-meta":"default","adv-header-id-meta":"","stick-header-meta":"default","header-above-stick-meta":"","header-main-stick-meta":"","header-below-stick-meta":"","astra-migrate-meta-layouts":"set","ast-page-background-enabled":"default","ast-page-background-meta":{"desktop":{"background-color":"","background-image":"","background-repeat":"repeat","background-position":"center center","background-size":"auto","background-attachment":"scroll","background-type":"","background-media":"","overlay-type":"","overlay-color":"","overlay-opacity":"","overlay-gradient":""},"tablet":{"background-color":"","background-image":"","background-repeat":"repeat","background-position":"center center","background-size":"auto","background-attachment":"scroll","background-type":"","background-media":"","overlay-type":"","overlay-color":"","overlay-opacity":"","overlay-gradient":""},"mobile":{"background-color":"","background-image":"","background-repeat":"repeat","background-position":"center center","background-size":"auto","background-attachment":"scroll","background-type":"","background-media":"","overlay-type":"","overlay-color":"","overlay-opacity":"","overlay-gradient":""}},"ast-content-background-meta":{"desktop":{"background-color":"var(--ast-global-color-5)","background-image":"","background-repeat":"repeat","background-position":"center center","background-size":"auto","background-attachment":"scroll","background-type":"","background-media":"","overlay-type":"","overlay-color":"","overlay-opacity":"","overlay-gradient":""},"tablet":{"background-color":"var(--ast-global-color-5)","background-image":"","background-repeat":"repeat","background-position":"center center","background-size":"auto","background-attachment":"scroll","background-type":"","background-media":"","overlay-type":"","overlay-color":"","overlay-opacity":"","overlay-gradient":""},"mobile":{"background-color":"var(--ast-global-color-5)","background-image":"","background-repeat":"repeat","background-position":"center center","background-size":"auto","background-attachment":"scroll","background-type":"","background-media":"","overlay-type":"","overlay-color":"","overlay-opacity":"","overlay-gradient":""}}},"product_cat":[24],"product_tag":[],"class_list":{"0":"post-3797","1":"product","2":"type-product","3":"status-publish","4":"has-post-thumbnail","6":"product_cat-original","7":"desktop-align-left","8":"tablet-align-left","9":"mobile-align-left","10":"ast-product-gallery-layout-horizontal-slider","11":"ast-magnify-disabled","12":"ast-qv-on-image","14":"first","15":"outofstock","16":"taxable","17":"shipping-taxable","18":"purchasable","19":"product-type-simple"},"uagb_featured_image_src":{"full":["https:\/\/artestrece.com\/wp-content\/uploads\/2026\/02\/original_watercolor_beetle_striped_7-scaled.jpg",1920,2560,false],"thumbnail":["https:\/\/artestrece.com\/wp-content\/uploads\/2026\/02\/original_watercolor_beetle_striped_7-287x287.jpg",287,287,true],"medium":["https:\/\/artestrece.com\/wp-content\/uploads\/2026\/02\/original_watercolor_beetle_striped_7-215x287.jpg",215,287,true],"medium_large":["https:\/\/artestrece.com\/wp-content\/uploads\/2026\/02\/original_watercolor_beetle_striped_7-768x1024.jpg",768,1024,true],"large":["https:\/\/artestrece.com\/wp-content\/uploads\/2026\/02\/original_watercolor_beetle_striped_7-768x1024.jpg",768,1024,true],"1536x1536":["https:\/\/artestrece.com\/wp-content\/uploads\/2026\/02\/original_watercolor_beetle_striped_7-1152x1536.jpg",1152,1536,true],"2048x2048":["https:\/\/artestrece.com\/wp-content\/uploads\/2026\/02\/original_watercolor_beetle_striped_7-1536x2048.jpg",1536,2048,true],"trp-custom-language-flag":["https:\/\/artestrece.com\/wp-content\/uploads\/2026\/02\/original_watercolor_beetle_striped_7-9x12.jpg",9,12,true],"woocommerce_thumbnail":["https:\/\/artestrece.com\/wp-content\/uploads\/2026\/02\/original_watercolor_beetle_striped_7-400x400.jpg",400,400,true],"woocommerce_single":["https:\/\/artestrece.com\/wp-content\/uploads\/2026\/02\/original_watercolor_beetle_striped_7-600x800.jpg",600,800,true],"woocommerce_gallery_thumbnail":["https:\/\/artestrece.com\/wp-content\/uploads\/2026\/02\/original_watercolor_beetle_striped_7-100x100.jpg",100,100,true],"variation_swatches_image_size":["https:\/\/artestrece.com\/wp-content\/uploads\/2026\/02\/original_watercolor_beetle_striped_7-50x50.jpg",50,50,true],"variation_swatches_tooltip_size":["https:\/\/artestrece.com\/wp-content\/uploads\/2026\/02\/original_watercolor_beetle_striped_7-100x100.jpg",100,100,true]},"uagb_author_info":{"display_name":"Diana Web","author_link":"https:\/\/artestrece.com\/en\/author\/"},"uagb_comment_info":0,"uagb_excerpt":"Ilustraci\u00f3n original en acuarela, pintada a mano, de un escarabajo rayado que combina la precisi\u00f3n de la entomolog\u00eda con un toque entra\u00f1able. El resultado es un escarabajo realista, pero con un punto de arte caprichoso que lo hace brillar con personalidad propia. Es una pieza perfecta para quienes adoran el arte de insectos y disfrutan&hellip;","_links":{"self":[{"href":"https:\/\/artestrece.com\/en\/wp-json\/wp\/v2\/product\/3797","targetHints":{"allow":["GET"]}}],"collection":[{"href":"https:\/\/artestrece.com\/en\/wp-json\/wp\/v2\/product"}],"about":[{"href":"https:\/\/artestrece.com\/en\/wp-json\/wp\/v2\/types\/product"}],"replies":[{"embeddable":true,"href":"https:\/\/artestrece.com\/en\/wp-json\/wp\/v2\/comments?post=3797"}],"wp:featuredmedia":[{"embeddable":true,"href":"https:\/\/artestrece.com\/en\/wp-json\/wp\/v2\/media\/3799"}],"wp:attachment":[{"href":"https:\/\/artestrece.com\/en\/wp-json\/wp\/v2\/media?parent=3797"}],"wp:term":[{"taxonomy":"product_cat","embeddable":true,"href":"https:\/\/artestrece.com\/en\/wp-json\/wp\/v2\/product_cat?post=3797"},{"taxonomy":"product_tag","embeddable":true,"href":"https:\/\/artestrece.com\/en\/wp-json\/wp\/v2\/product_tag?post=3797"}],"curies":[{"name":"wp","href":"https:\/\/api.w.org\/{rel}","templated":true}]}}