{"id":3804,"date":"2026-02-05T13:46:58","date_gmt":"2026-02-05T13:46:58","guid":{"rendered":"https:\/\/artestrece.com\/?post_type=product&#038;p=3804"},"modified":"2026-02-05T19:40:38","modified_gmt":"2026-02-05T19:40:38","slug":"mariposa-isabelina","status":"publish","type":"product","link":"https:\/\/artestrece.com\/en\/productos\/acuarelas\/original\/mariposa-isabelina\/","title":{"rendered":"Graellsia Isabellae Butterfly"},"content":{"rendered":"<p>Acuarela de mariposa isabelina pintada a mano.<\/p>\n<p>Ilustraci\u00f3n hecha en papel hahnem\u00fchle vegano de algod\u00f3n textura lisa, de 300 gramos, con acuarelas de pigmentos naturales.<\/p>\n<p><strong>Medidas aproximadas de l\u00e1mina:<\/strong><br \/>\n30 x 42 centimeters<br \/>\n11.8 x 16.5 pulgadas<\/p>\n<p>Marco no incluido<\/p>\n<p>Esta acuarela ya ha encontrado un hogar \u2665<\/p>","protected":false},"excerpt":{"rendered":"<p>Acuarela de pez betta original pintado a mano.<\/p>\n<p>Ilustraci\u00f3n hecha en papel hahnem\u00fchle vegano de algod\u00f3n textura lisa, de 300 gramos, con acuarelas de pigmentos naturales.<\/p>\n<p><strong>Medidas aproximadas de l\u00e1mina:<\/strong><br \/>\n30 x 42 centimeters<br \/>\n11.8 x 16.5 pulgadas<\/p>\n<p>Marco no incluido<\/p>\n<p>Esta acuarela ya ha encontrado un hogar \u2665<\/p>","protected":false},"featured_media":3824,"comment_status":"closed","ping_status":"closed","template":"","meta":{"_uag_custom_page_level_css":"","site-sidebar-layout":"default","site-content-layout":"","ast-site-content-layout":"default","site-content-style":"default","site-sidebar-style":"default","ast-global-header-display":"","ast-banner-title-visibility":"","ast-main-header-display":"","ast-hfb-above-header-display":"","ast-hfb-below-header-display":"","ast-hfb-mobile-header-display":"","site-post-title":"","ast-breadcrumbs-content":"","ast-featured-img":"","footer-sml-layout":"","theme-transparent-header-meta":"default","adv-header-id-meta":"","stick-header-meta":"default","header-above-stick-meta":"","header-main-stick-meta":"","header-below-stick-meta":"","astra-migrate-meta-layouts":"set","ast-page-background-enabled":"default","ast-page-background-meta":{"desktop":{"background-color":"","background-image":"","background-repeat":"repeat","background-position":"center center","background-size":"auto","background-attachment":"scroll","background-type":"","background-media":"","overlay-type":"","overlay-color":"","overlay-opacity":"","overlay-gradient":""},"tablet":{"background-color":"","background-image":"","background-repeat":"repeat","background-position":"center center","background-size":"auto","background-attachment":"scroll","background-type":"","background-media":"","overlay-type":"","overlay-color":"","overlay-opacity":"","overlay-gradient":""},"mobile":{"background-color":"","background-image":"","background-repeat":"repeat","background-position":"center center","background-size":"auto","background-attachment":"scroll","background-type":"","background-media":"","overlay-type":"","overlay-color":"","overlay-opacity":"","overlay-gradient":""}},"ast-content-background-meta":{"desktop":{"background-color":"var(--ast-global-color-5)","background-image":"","background-repeat":"repeat","background-position":"center center","background-size":"auto","background-attachment":"scroll","background-type":"","background-media":"","overlay-type":"","overlay-color":"","overlay-opacity":"","overlay-gradient":""},"tablet":{"background-color":"var(--ast-global-color-5)","background-image":"","background-repeat":"repeat","background-position":"center center","background-size":"auto","background-attachment":"scroll","background-type":"","background-media":"","overlay-type":"","overlay-color":"","overlay-opacity":"","overlay-gradient":""},"mobile":{"background-color":"var(--ast-global-color-5)","background-image":"","background-repeat":"repeat","background-position":"center center","background-size":"auto","background-attachment":"scroll","background-type":"","background-media":"","overlay-type":"","overlay-color":"","overlay-opacity":"","overlay-gradient":""}}},"product_cat":[24],"product_tag":[],"class_list":{"0":"post-3804","1":"product","2":"type-product","3":"status-publish","4":"has-post-thumbnail","6":"product_cat-original","7":"desktop-align-left","8":"tablet-align-left","9":"mobile-align-left","10":"ast-product-gallery-layout-horizontal-slider","11":"ast-magnify-disabled","12":"ast-qv-on-image","14":"first","15":"outofstock","16":"taxable","17":"shipping-taxable","18":"purchasable","19":"product-type-simple"},"uagb_featured_image_src":{"full":["https:\/\/artestrece.com\/wp-content\/uploads\/2026\/02\/original_watercolor_butterfly_isabelina_2-1.jpg",1920,2560,false],"thumbnail":["https:\/\/artestrece.com\/wp-content\/uploads\/2026\/02\/original_watercolor_butterfly_isabelina_2-1-287x287.jpg",287,287,true],"medium":["https:\/\/artestrece.com\/wp-content\/uploads\/2026\/02\/original_watercolor_butterfly_isabelina_2-1-215x287.jpg",215,287,true],"medium_large":["https:\/\/artestrece.com\/wp-content\/uploads\/2026\/02\/original_watercolor_butterfly_isabelina_2-1-768x1024.jpg",768,1024,true],"large":["https:\/\/artestrece.com\/wp-content\/uploads\/2026\/02\/original_watercolor_butterfly_isabelina_2-1-768x1024.jpg",768,1024,true],"1536x1536":["https:\/\/artestrece.com\/wp-content\/uploads\/2026\/02\/original_watercolor_butterfly_isabelina_2-1-1152x1536.jpg",1152,1536,true],"2048x2048":["https:\/\/artestrece.com\/wp-content\/uploads\/2026\/02\/original_watercolor_butterfly_isabelina_2-1-1536x2048.jpg",1536,2048,true],"trp-custom-language-flag":["https:\/\/artestrece.com\/wp-content\/uploads\/2026\/02\/original_watercolor_butterfly_isabelina_2-1-9x12.jpg",9,12,true],"woocommerce_thumbnail":["https:\/\/artestrece.com\/wp-content\/uploads\/2026\/02\/original_watercolor_butterfly_isabelina_2-1-400x400.jpg",400,400,true],"woocommerce_single":["https:\/\/artestrece.com\/wp-content\/uploads\/2026\/02\/original_watercolor_butterfly_isabelina_2-1-600x800.jpg",600,800,true],"woocommerce_gallery_thumbnail":["https:\/\/artestrece.com\/wp-content\/uploads\/2026\/02\/original_watercolor_butterfly_isabelina_2-1-100x100.jpg",100,100,true],"variation_swatches_image_size":["https:\/\/artestrece.com\/wp-content\/uploads\/2026\/02\/original_watercolor_butterfly_isabelina_2-1-50x50.jpg",50,50,true],"variation_swatches_tooltip_size":["https:\/\/artestrece.com\/wp-content\/uploads\/2026\/02\/original_watercolor_butterfly_isabelina_2-1-100x100.jpg",100,100,true]},"uagb_author_info":{"display_name":"Diana Web","author_link":"https:\/\/artestrece.com\/en\/author\/"},"uagb_comment_info":0,"uagb_excerpt":"Acuarela de pez betta original pintado a mano. Ilustraci\u00f3n hecha en papel hahnem\u00fchle vegano de algod\u00f3n textura lisa, de 300 gramos, con acuarelas de pigmentos naturales. Medidas aproximadas de l\u00e1mina: 30 x 42 cent\u00edmetros 11.8 x 16.5 pulgadas Marco no incluido Esta acuarela ya ha encontrado un hogar \u2665","_links":{"self":[{"href":"https:\/\/artestrece.com\/en\/wp-json\/wp\/v2\/product\/3804","targetHints":{"allow":["GET"]}}],"collection":[{"href":"https:\/\/artestrece.com\/en\/wp-json\/wp\/v2\/product"}],"about":[{"href":"https:\/\/artestrece.com\/en\/wp-json\/wp\/v2\/types\/product"}],"replies":[{"embeddable":true,"href":"https:\/\/artestrece.com\/en\/wp-json\/wp\/v2\/comments?post=3804"}],"wp:featuredmedia":[{"embeddable":true,"href":"https:\/\/artestrece.com\/en\/wp-json\/wp\/v2\/media\/3824"}],"wp:attachment":[{"href":"https:\/\/artestrece.com\/en\/wp-json\/wp\/v2\/media?parent=3804"}],"wp:term":[{"taxonomy":"product_cat","embeddable":true,"href":"https:\/\/artestrece.com\/en\/wp-json\/wp\/v2\/product_cat?post=3804"},{"taxonomy":"product_tag","embeddable":true,"href":"https:\/\/artestrece.com\/en\/wp-json\/wp\/v2\/product_tag?post=3804"}],"curies":[{"name":"wp","href":"https:\/\/api.w.org\/{rel}","templated":true}]}}