{"id":3813,"date":"2026-02-05T16:16:40","date_gmt":"2026-02-05T16:16:40","guid":{"rendered":"https:\/\/artestrece.com\/?post_type=product&#038;p=3813"},"modified":"2026-02-05T16:18:55","modified_gmt":"2026-02-05T16:18:55","slug":"noche-estrellada","status":"publish","type":"product","link":"https:\/\/artestrece.com\/en\/productos\/posavasos\/noche-estrellada\/","title":{"rendered":"Starry Night"},"content":{"rendered":"<p>Hand-painted wooden coasters with a beautiful starry night pattern.<br \/>\nGive an original touch to your home decoration with these wooden slices with forest and galaxy paint, which will undoubtedly attract all eyes.<br \/>\nWooden coasters that open a small window to observe the milky way, and that at the same time is a functional and decorative object.<br \/>\nPerfect as a unique and artisan opening gift.<\/p>\n<p><strong>Measures<\/strong><br \/>\n10 x 10 centimeters \/ 3.9 x 3.9 inches<\/p>\n<p><strong>Material<\/strong><br \/>\nWood, protected with ecological varnish.<br \/>\nDrawing made with pigment paints.<\/p>\n<p>Precio por unidad.<\/p>\n<p>Esta caja ya ha encontrado un hogar \u2665<\/p>","protected":false},"excerpt":{"rendered":"<p>Hand-painted wooden coasters with a beautiful starry night pattern.<br \/>\nGive an original touch to your home decoration with these wooden slices with forest and galaxy paint, which will undoubtedly attract all eyes.<br \/>\nWooden coasters that open a small window to observe the milky way, and that at the same time is a functional and decorative object.<br \/>\nPerfect as a unique and artisan opening gift.<\/p>\n<p><strong>Measures<\/strong><br \/>\n10 x 10 centimeters \/ 3.9 x 3.9 inches<\/p>\n<p><strong>Material<\/strong><br \/>\nWood, protected with ecological varnish.<br \/>\nDrawing made with pigment paints.<\/p>\n<p>Precio por unidad.<\/p>\n<p>Esta caja ya ha encontrado un hogar \u2665<\/p>","protected":false},"featured_media":3815,"comment_status":"closed","ping_status":"closed","template":"","meta":{"_uag_custom_page_level_css":"","site-sidebar-layout":"default","site-content-layout":"","ast-site-content-layout":"default","site-content-style":"default","site-sidebar-style":"default","ast-global-header-display":"","ast-banner-title-visibility":"","ast-main-header-display":"","ast-hfb-above-header-display":"","ast-hfb-below-header-display":"","ast-hfb-mobile-header-display":"","site-post-title":"","ast-breadcrumbs-content":"","ast-featured-img":"","footer-sml-layout":"","theme-transparent-header-meta":"default","adv-header-id-meta":"","stick-header-meta":"default","header-above-stick-meta":"","header-main-stick-meta":"","header-below-stick-meta":"","astra-migrate-meta-layouts":"set","ast-page-background-enabled":"default","ast-page-background-meta":{"desktop":{"background-color":"","background-image":"","background-repeat":"repeat","background-position":"center center","background-size":"auto","background-attachment":"scroll","background-type":"","background-media":"","overlay-type":"","overlay-color":"","overlay-opacity":"","overlay-gradient":""},"tablet":{"background-color":"","background-image":"","background-repeat":"repeat","background-position":"center center","background-size":"auto","background-attachment":"scroll","background-type":"","background-media":"","overlay-type":"","overlay-color":"","overlay-opacity":"","overlay-gradient":""},"mobile":{"background-color":"","background-image":"","background-repeat":"repeat","background-position":"center center","background-size":"auto","background-attachment":"scroll","background-type":"","background-media":"","overlay-type":"","overlay-color":"","overlay-opacity":"","overlay-gradient":""}},"ast-content-background-meta":{"desktop":{"background-color":"var(--ast-global-color-5)","background-image":"","background-repeat":"repeat","background-position":"center center","background-size":"auto","background-attachment":"scroll","background-type":"","background-media":"","overlay-type":"","overlay-color":"","overlay-opacity":"","overlay-gradient":""},"tablet":{"background-color":"var(--ast-global-color-5)","background-image":"","background-repeat":"repeat","background-position":"center center","background-size":"auto","background-attachment":"scroll","background-type":"","background-media":"","overlay-type":"","overlay-color":"","overlay-opacity":"","overlay-gradient":""},"mobile":{"background-color":"var(--ast-global-color-5)","background-image":"","background-repeat":"repeat","background-position":"center center","background-size":"auto","background-attachment":"scroll","background-type":"","background-media":"","overlay-type":"","overlay-color":"","overlay-opacity":"","overlay-gradient":""}}},"product_cat":[43],"product_tag":[],"class_list":{"0":"post-3813","1":"product","2":"type-product","3":"status-publish","4":"has-post-thumbnail","6":"product_cat-posavasos","7":"desktop-align-left","8":"tablet-align-left","9":"mobile-align-left","10":"ast-product-gallery-layout-horizontal-slider","11":"ast-magnify-disabled","12":"ast-qv-on-image","14":"first","15":"outofstock","16":"taxable","17":"shipping-taxable","18":"purchasable","19":"product-type-simple"},"uagb_featured_image_src":{"full":["https:\/\/artestrece.com\/wp-content\/uploads\/2026\/02\/posavasos-madera-cielo-y-bosque-10-base-scaled.jpg",1920,2560,false],"thumbnail":["https:\/\/artestrece.com\/wp-content\/uploads\/2026\/02\/posavasos-madera-cielo-y-bosque-10-base-287x287.jpg",287,287,true],"medium":["https:\/\/artestrece.com\/wp-content\/uploads\/2026\/02\/posavasos-madera-cielo-y-bosque-10-base-215x287.jpg",215,287,true],"medium_large":["https:\/\/artestrece.com\/wp-content\/uploads\/2026\/02\/posavasos-madera-cielo-y-bosque-10-base-768x1024.jpg",768,1024,true],"large":["https:\/\/artestrece.com\/wp-content\/uploads\/2026\/02\/posavasos-madera-cielo-y-bosque-10-base-768x1024.jpg",768,1024,true],"1536x1536":["https:\/\/artestrece.com\/wp-content\/uploads\/2026\/02\/posavasos-madera-cielo-y-bosque-10-base-1152x1536.jpg",1152,1536,true],"2048x2048":["https:\/\/artestrece.com\/wp-content\/uploads\/2026\/02\/posavasos-madera-cielo-y-bosque-10-base-1536x2048.jpg",1536,2048,true],"trp-custom-language-flag":["https:\/\/artestrece.com\/wp-content\/uploads\/2026\/02\/posavasos-madera-cielo-y-bosque-10-base-9x12.jpg",9,12,true],"woocommerce_thumbnail":["https:\/\/artestrece.com\/wp-content\/uploads\/2026\/02\/posavasos-madera-cielo-y-bosque-10-base-400x400.jpg",400,400,true],"woocommerce_single":["https:\/\/artestrece.com\/wp-content\/uploads\/2026\/02\/posavasos-madera-cielo-y-bosque-10-base-600x800.jpg",600,800,true],"woocommerce_gallery_thumbnail":["https:\/\/artestrece.com\/wp-content\/uploads\/2026\/02\/posavasos-madera-cielo-y-bosque-10-base-100x100.jpg",100,100,true],"variation_swatches_image_size":["https:\/\/artestrece.com\/wp-content\/uploads\/2026\/02\/posavasos-madera-cielo-y-bosque-10-base-50x50.jpg",50,50,true],"variation_swatches_tooltip_size":["https:\/\/artestrece.com\/wp-content\/uploads\/2026\/02\/posavasos-madera-cielo-y-bosque-10-base-100x100.jpg",100,100,true]},"uagb_author_info":{"display_name":"Diana Web","author_link":"https:\/\/artestrece.com\/en\/author\/"},"uagb_comment_info":0,"uagb_excerpt":"Posavasos de madera pintados a mano con un bonito dibujo de noche estrellada. Dale un toque original a la decoraci\u00f3n de tu casa con estas rodajas de madera con pintura de bosque y galaxia, que sin duda, atraer\u00e1n todas las miradas. Posavasos de madera que abren una peque\u00f1a ventana para observar la v\u00eda l\u00e1ctea, y&hellip;","_links":{"self":[{"href":"https:\/\/artestrece.com\/en\/wp-json\/wp\/v2\/product\/3813","targetHints":{"allow":["GET"]}}],"collection":[{"href":"https:\/\/artestrece.com\/en\/wp-json\/wp\/v2\/product"}],"about":[{"href":"https:\/\/artestrece.com\/en\/wp-json\/wp\/v2\/types\/product"}],"replies":[{"embeddable":true,"href":"https:\/\/artestrece.com\/en\/wp-json\/wp\/v2\/comments?post=3813"}],"wp:featuredmedia":[{"embeddable":true,"href":"https:\/\/artestrece.com\/en\/wp-json\/wp\/v2\/media\/3815"}],"wp:attachment":[{"href":"https:\/\/artestrece.com\/en\/wp-json\/wp\/v2\/media?parent=3813"}],"wp:term":[{"taxonomy":"product_cat","embeddable":true,"href":"https:\/\/artestrece.com\/en\/wp-json\/wp\/v2\/product_cat?post=3813"},{"taxonomy":"product_tag","embeddable":true,"href":"https:\/\/artestrece.com\/en\/wp-json\/wp\/v2\/product_tag?post=3813"}],"curies":[{"name":"wp","href":"https:\/\/api.w.org\/{rel}","templated":true}]}}