{"id":3835,"date":"2026-04-09T12:09:11","date_gmt":"2026-04-09T12:09:11","guid":{"rendered":"https:\/\/artestrece.com\/?post_type=product&#038;p=3835"},"modified":"2026-04-15T09:36:25","modified_gmt":"2026-04-15T09:36:25","slug":"tarjeta-montana","status":"publish","type":"product","link":"https:\/\/artestrece.com\/en\/productos\/postales-y-tarjetas\/tarjeta-montana\/","title":{"rendered":"Tarjeta monta\u00f1a"},"content":{"rendered":"<p>Tarjeta monta\u00f1a, cielo estrellado y galaxia.<\/p>\n<p>Es ideal como tarjeta de felicitaci\u00f3n, para sorprender con algo diferente: puedes usarla para agradecer, acompa\u00f1ar un detalle o simplemente decir \u201cpens\u00e9 en ti\u201d. Es un bonito detalle para amantes de la naturaleza, o incluso como una mini pintura que alguien querr\u00e1 guardar mucho despu\u00e9s de leer tu mensaje.<\/p>\n<p>Es una tarjeta hecha a mano, creada de mi ilustraci\u00f3n pintada en acuarela. Est\u00e1 impresa y cortada en mi propio estudio, lo que hace que cada una sea \u00fanica y especial.<\/p>\n<p>Impreso en papel Tintoretto de 250 gramos, con certificado FSC, y tintas de pigmentos naturales. Incluye sobre Kraft. Todo ello viene envuelto y protegido en papel celof\u00e1n biodegradable.<\/p>\n<p><strong>Measures<\/strong><br \/>\n10.5 x 14.85 cent\u00edmetros<br \/>\n4.1 x 5.8 pulgadas<\/p>","protected":false},"excerpt":{"rendered":"<p>Tarjeta monta\u00f1a, cielo estrellado y galaxia.<\/p>\n<p>Es ideal como tarjeta de felicitaci\u00f3n, para sorprender con algo diferente: puedes usarla para agradecer, acompa\u00f1ar un detalle o simplemente decir \u201cpens\u00e9 en ti\u201d. Es un bonito detalle para amantes de la naturaleza, o incluso como una mini pintura que alguien querr\u00e1 guardar mucho despu\u00e9s de leer tu mensaje.<\/p>\n<p>Es una tarjeta hecha a mano, creada de mi ilustraci\u00f3n pintada en acuarela. Est\u00e1 impresa y cortada en mi propio estudio, lo que hace que cada una sea \u00fanica y especial.<\/p>\n<p>Impreso en papel Tintoretto de 250 gramos, con certificado FSC, y tintas de pigmentos naturales. Incluye sobre Kraft. Todo ello viene envuelto y protegido en papel celof\u00e1n biodegradable.<\/p>\n<p><strong>Measures<\/strong><br \/>\n10.5 x 14.85 cent\u00edmetros<br \/>\n4.1 x 5.8 pulgadas<\/p>","protected":false},"featured_media":3836,"comment_status":"closed","ping_status":"closed","template":"","meta":{"_uag_custom_page_level_css":"","site-sidebar-layout":"default","site-content-layout":"","ast-site-content-layout":"default","site-content-style":"default","site-sidebar-style":"default","ast-global-header-display":"","ast-banner-title-visibility":"","ast-main-header-display":"","ast-hfb-above-header-display":"","ast-hfb-below-header-display":"","ast-hfb-mobile-header-display":"","site-post-title":"","ast-breadcrumbs-content":"","ast-featured-img":"","footer-sml-layout":"","theme-transparent-header-meta":"default","adv-header-id-meta":"","stick-header-meta":"default","header-above-stick-meta":"","header-main-stick-meta":"","header-below-stick-meta":"","astra-migrate-meta-layouts":"set","ast-page-background-enabled":"default","ast-page-background-meta":{"desktop":{"background-color":"","background-image":"","background-repeat":"repeat","background-position":"center center","background-size":"auto","background-attachment":"scroll","background-type":"","background-media":"","overlay-type":"","overlay-color":"","overlay-opacity":"","overlay-gradient":""},"tablet":{"background-color":"","background-image":"","background-repeat":"repeat","background-position":"center center","background-size":"auto","background-attachment":"scroll","background-type":"","background-media":"","overlay-type":"","overlay-color":"","overlay-opacity":"","overlay-gradient":""},"mobile":{"background-color":"","background-image":"","background-repeat":"repeat","background-position":"center center","background-size":"auto","background-attachment":"scroll","background-type":"","background-media":"","overlay-type":"","overlay-color":"","overlay-opacity":"","overlay-gradient":""}},"ast-content-background-meta":{"desktop":{"background-color":"var(--ast-global-color-5)","background-image":"","background-repeat":"repeat","background-position":"center center","background-size":"auto","background-attachment":"scroll","background-type":"","background-media":"","overlay-type":"","overlay-color":"","overlay-opacity":"","overlay-gradient":""},"tablet":{"background-color":"var(--ast-global-color-5)","background-image":"","background-repeat":"repeat","background-position":"center center","background-size":"auto","background-attachment":"scroll","background-type":"","background-media":"","overlay-type":"","overlay-color":"","overlay-opacity":"","overlay-gradient":""},"mobile":{"background-color":"var(--ast-global-color-5)","background-image":"","background-repeat":"repeat","background-position":"center center","background-size":"auto","background-attachment":"scroll","background-type":"","background-media":"","overlay-type":"","overlay-color":"","overlay-opacity":"","overlay-gradient":""}}},"product_cat":[48],"product_tag":[],"class_list":{"0":"post-3835","1":"product","2":"type-product","3":"status-publish","4":"has-post-thumbnail","6":"product_cat-postales-y-tarjetas","7":"desktop-align-left","8":"tablet-align-left","9":"mobile-align-left","10":"ast-product-gallery-layout-horizontal-slider","11":"ast-magnify-disabled","12":"ast-qv-on-image","14":"first","15":"instock","16":"taxable","17":"shipping-taxable","18":"purchasable","19":"product-type-simple"},"uagb_featured_image_src":{"full":["https:\/\/artestrece.com\/wp-content\/uploads\/2026\/04\/greeting_card_landscape_galaxy_1.jpg",1560,2080,false],"thumbnail":["https:\/\/artestrece.com\/wp-content\/uploads\/2026\/04\/greeting_card_landscape_galaxy_1-287x287.jpg",287,287,true],"medium":["https:\/\/artestrece.com\/wp-content\/uploads\/2026\/04\/greeting_card_landscape_galaxy_1-215x287.jpg",215,287,true],"medium_large":["https:\/\/artestrece.com\/wp-content\/uploads\/2026\/04\/greeting_card_landscape_galaxy_1-768x1024.jpg",768,1024,true],"large":["https:\/\/artestrece.com\/wp-content\/uploads\/2026\/04\/greeting_card_landscape_galaxy_1-768x1024.jpg",768,1024,true],"1536x1536":["https:\/\/artestrece.com\/wp-content\/uploads\/2026\/04\/greeting_card_landscape_galaxy_1-1152x1536.jpg",1152,1536,true],"2048x2048":["https:\/\/artestrece.com\/wp-content\/uploads\/2026\/04\/greeting_card_landscape_galaxy_1-1536x2048.jpg",1536,2048,true],"trp-custom-language-flag":["https:\/\/artestrece.com\/wp-content\/uploads\/2026\/04\/greeting_card_landscape_galaxy_1-9x12.jpg",9,12,true],"woocommerce_thumbnail":["https:\/\/artestrece.com\/wp-content\/uploads\/2026\/04\/greeting_card_landscape_galaxy_1-400x400.jpg",400,400,true],"woocommerce_single":["https:\/\/artestrece.com\/wp-content\/uploads\/2026\/04\/greeting_card_landscape_galaxy_1-600x800.jpg",600,800,true],"woocommerce_gallery_thumbnail":["https:\/\/artestrece.com\/wp-content\/uploads\/2026\/04\/greeting_card_landscape_galaxy_1-100x100.jpg",100,100,true],"variation_swatches_image_size":["https:\/\/artestrece.com\/wp-content\/uploads\/2026\/04\/greeting_card_landscape_galaxy_1-50x50.jpg",50,50,true],"variation_swatches_tooltip_size":["https:\/\/artestrece.com\/wp-content\/uploads\/2026\/04\/greeting_card_landscape_galaxy_1-100x100.jpg",100,100,true]},"uagb_author_info":{"display_name":"Diana Web","author_link":"https:\/\/artestrece.com\/en\/author\/"},"uagb_comment_info":0,"uagb_excerpt":"Tarjeta monta\u00f1a, cielo estrellado y galaxia. Es ideal como tarjeta de felicitaci\u00f3n, para sorprender con algo diferente: puedes usarla para agradecer, acompa\u00f1ar un detalle o simplemente decir \u201cpens\u00e9 en ti\u201d. Es un bonito detalle para amantes de la naturaleza, o incluso como una mini pintura que alguien querr\u00e1 guardar mucho despu\u00e9s de leer tu mensaje.&hellip;","_links":{"self":[{"href":"https:\/\/artestrece.com\/en\/wp-json\/wp\/v2\/product\/3835","targetHints":{"allow":["GET"]}}],"collection":[{"href":"https:\/\/artestrece.com\/en\/wp-json\/wp\/v2\/product"}],"about":[{"href":"https:\/\/artestrece.com\/en\/wp-json\/wp\/v2\/types\/product"}],"replies":[{"embeddable":true,"href":"https:\/\/artestrece.com\/en\/wp-json\/wp\/v2\/comments?post=3835"}],"wp:featuredmedia":[{"embeddable":true,"href":"https:\/\/artestrece.com\/en\/wp-json\/wp\/v2\/media\/3836"}],"wp:attachment":[{"href":"https:\/\/artestrece.com\/en\/wp-json\/wp\/v2\/media?parent=3835"}],"wp:term":[{"taxonomy":"product_cat","embeddable":true,"href":"https:\/\/artestrece.com\/en\/wp-json\/wp\/v2\/product_cat?post=3835"},{"taxonomy":"product_tag","embeddable":true,"href":"https:\/\/artestrece.com\/en\/wp-json\/wp\/v2\/product_tag?post=3835"}],"curies":[{"name":"wp","href":"https:\/\/api.w.org\/{rel}","templated":true}]}}