{"id":3846,"date":"2026-04-16T15:10:19","date_gmt":"2026-04-16T15:10:19","guid":{"rendered":"https:\/\/artestrece.com\/?post_type=product&#038;p=3846"},"modified":"2026-04-16T15:10:20","modified_gmt":"2026-04-16T15:10:20","slug":"flamenco","status":"publish","type":"product","link":"https:\/\/artestrece.com\/en\/productos\/marcapaginas\/flamenco\/","title":{"rendered":"Flamenco"},"content":{"rendered":"<p>Marcap\u00e1ginas de p\u00e1jaro, que podr\u00e1 descansar entre las p\u00e1ginas de tu libro favorito.<\/p>\n<p>Cuenta la leyenda que los flamencos originalmente eran aves blancas, pero un d\u00eda decidieron bailar durante toda la noche alrededor del fuego para celebrar la vida. El resplandor del atardecer y las brasas ti\u00f1eron sus plumas de rosa, y desde entonces llevan ese color como recuerdo de la alegr\u00eda, la celebraci\u00f3n y los momentos compartidos.<\/p>\n<p>Este bonito marcador de libros est\u00e1 hecho a partir de unas de mis obras de arte dibujada a mano en acuarela, impreso en papel de 300 gramos con certificado PEFC, con tintas de pigmentos naturales.<\/p>\n<p><strong>Measures<\/strong><br \/>\n6 x 15 cent\u00edmetros<br \/>\n2.4 x 5.9 pulgadas<\/p>","protected":false},"excerpt":{"rendered":"<p>Marcap\u00e1ginas de p\u00e1jaro, que podr\u00e1 descansar entre las p\u00e1ginas de tu libro favorito.<\/p>\n<p>Cuenta la leyenda que los flamencos originalmente eran aves blancas, pero un d\u00eda decidieron bailar durante toda la noche alrededor del fuego para celebrar la vida. El resplandor del atardecer y las brasas ti\u00f1eron sus plumas de rosa, y desde entonces llevan ese color como recuerdo de la alegr\u00eda, la celebraci\u00f3n y los momentos compartidos.<\/p>\n<p>Este bonito marcador de libros est\u00e1 hecho a partir de unas de mis obras de arte dibujada a mano en acuarela, impreso en papel de 300 gramos con certificado PEFC, con tintas de pigmentos naturales.<\/p>\n<p><strong>Measures<\/strong><br \/>\n6 x 15 cent\u00edmetros<br \/>\n2.4 x 5.9 pulgadas<\/p>","protected":false},"featured_media":3847,"comment_status":"closed","ping_status":"closed","template":"","meta":{"_uag_custom_page_level_css":"","site-sidebar-layout":"default","site-content-layout":"","ast-site-content-layout":"default","site-content-style":"default","site-sidebar-style":"default","ast-global-header-display":"","ast-banner-title-visibility":"","ast-main-header-display":"","ast-hfb-above-header-display":"","ast-hfb-below-header-display":"","ast-hfb-mobile-header-display":"","site-post-title":"","ast-breadcrumbs-content":"","ast-featured-img":"","footer-sml-layout":"","theme-transparent-header-meta":"default","adv-header-id-meta":"","stick-header-meta":"default","header-above-stick-meta":"","header-main-stick-meta":"","header-below-stick-meta":"","astra-migrate-meta-layouts":"set","ast-page-background-enabled":"default","ast-page-background-meta":{"desktop":{"background-color":"","background-image":"","background-repeat":"repeat","background-position":"center center","background-size":"auto","background-attachment":"scroll","background-type":"","background-media":"","overlay-type":"","overlay-color":"","overlay-opacity":"","overlay-gradient":""},"tablet":{"background-color":"","background-image":"","background-repeat":"repeat","background-position":"center center","background-size":"auto","background-attachment":"scroll","background-type":"","background-media":"","overlay-type":"","overlay-color":"","overlay-opacity":"","overlay-gradient":""},"mobile":{"background-color":"","background-image":"","background-repeat":"repeat","background-position":"center center","background-size":"auto","background-attachment":"scroll","background-type":"","background-media":"","overlay-type":"","overlay-color":"","overlay-opacity":"","overlay-gradient":""}},"ast-content-background-meta":{"desktop":{"background-color":"var(--ast-global-color-5)","background-image":"","background-repeat":"repeat","background-position":"center center","background-size":"auto","background-attachment":"scroll","background-type":"","background-media":"","overlay-type":"","overlay-color":"","overlay-opacity":"","overlay-gradient":""},"tablet":{"background-color":"var(--ast-global-color-5)","background-image":"","background-repeat":"repeat","background-position":"center center","background-size":"auto","background-attachment":"scroll","background-type":"","background-media":"","overlay-type":"","overlay-color":"","overlay-opacity":"","overlay-gradient":""},"mobile":{"background-color":"var(--ast-global-color-5)","background-image":"","background-repeat":"repeat","background-position":"center center","background-size":"auto","background-attachment":"scroll","background-type":"","background-media":"","overlay-type":"","overlay-color":"","overlay-opacity":"","overlay-gradient":""}}},"product_cat":[26],"product_tag":[],"class_list":{"0":"post-3846","1":"product","2":"type-product","3":"status-publish","4":"has-post-thumbnail","6":"product_cat-marcapaginas","7":"desktop-align-left","8":"tablet-align-left","9":"mobile-align-left","10":"ast-product-gallery-layout-horizontal-slider","11":"ast-magnify-disabled","12":"ast-qv-on-image","14":"first","15":"instock","16":"taxable","17":"shipping-taxable","18":"purchasable","19":"product-type-simple"},"uagb_featured_image_src":{"full":["https:\/\/artestrece.com\/wp-content\/uploads\/2026\/04\/bookmark_bird_flamingo_3.jpg",1560,2080,false],"thumbnail":["https:\/\/artestrece.com\/wp-content\/uploads\/2026\/04\/bookmark_bird_flamingo_3-287x287.jpg",287,287,true],"medium":["https:\/\/artestrece.com\/wp-content\/uploads\/2026\/04\/bookmark_bird_flamingo_3-215x287.jpg",215,287,true],"medium_large":["https:\/\/artestrece.com\/wp-content\/uploads\/2026\/04\/bookmark_bird_flamingo_3-768x1024.jpg",768,1024,true],"large":["https:\/\/artestrece.com\/wp-content\/uploads\/2026\/04\/bookmark_bird_flamingo_3-768x1024.jpg",768,1024,true],"1536x1536":["https:\/\/artestrece.com\/wp-content\/uploads\/2026\/04\/bookmark_bird_flamingo_3-1152x1536.jpg",1152,1536,true],"2048x2048":["https:\/\/artestrece.com\/wp-content\/uploads\/2026\/04\/bookmark_bird_flamingo_3-1536x2048.jpg",1536,2048,true],"trp-custom-language-flag":["https:\/\/artestrece.com\/wp-content\/uploads\/2026\/04\/bookmark_bird_flamingo_3-9x12.jpg",9,12,true],"woocommerce_thumbnail":["https:\/\/artestrece.com\/wp-content\/uploads\/2026\/04\/bookmark_bird_flamingo_3-400x400.jpg",400,400,true],"woocommerce_single":["https:\/\/artestrece.com\/wp-content\/uploads\/2026\/04\/bookmark_bird_flamingo_3-600x800.jpg",600,800,true],"woocommerce_gallery_thumbnail":["https:\/\/artestrece.com\/wp-content\/uploads\/2026\/04\/bookmark_bird_flamingo_3-100x100.jpg",100,100,true],"variation_swatches_image_size":["https:\/\/artestrece.com\/wp-content\/uploads\/2026\/04\/bookmark_bird_flamingo_3-50x50.jpg",50,50,true],"variation_swatches_tooltip_size":["https:\/\/artestrece.com\/wp-content\/uploads\/2026\/04\/bookmark_bird_flamingo_3-100x100.jpg",100,100,true]},"uagb_author_info":{"display_name":"Diana Web","author_link":"https:\/\/artestrece.com\/en\/author\/"},"uagb_comment_info":0,"uagb_excerpt":"Marcap\u00e1ginas de p\u00e1jaro, que podr\u00e1 descansar entre las p\u00e1ginas de tu libro favorito. Cuenta la leyenda que los flamencos originalmente eran aves blancas, pero un d\u00eda decidieron bailar durante toda la noche alrededor del fuego para celebrar la vida. El resplandor del atardecer y las brasas ti\u00f1eron sus plumas de rosa, y desde entonces llevan&hellip;","_links":{"self":[{"href":"https:\/\/artestrece.com\/en\/wp-json\/wp\/v2\/product\/3846","targetHints":{"allow":["GET"]}}],"collection":[{"href":"https:\/\/artestrece.com\/en\/wp-json\/wp\/v2\/product"}],"about":[{"href":"https:\/\/artestrece.com\/en\/wp-json\/wp\/v2\/types\/product"}],"replies":[{"embeddable":true,"href":"https:\/\/artestrece.com\/en\/wp-json\/wp\/v2\/comments?post=3846"}],"wp:featuredmedia":[{"embeddable":true,"href":"https:\/\/artestrece.com\/en\/wp-json\/wp\/v2\/media\/3847"}],"wp:attachment":[{"href":"https:\/\/artestrece.com\/en\/wp-json\/wp\/v2\/media?parent=3846"}],"wp:term":[{"taxonomy":"product_cat","embeddable":true,"href":"https:\/\/artestrece.com\/en\/wp-json\/wp\/v2\/product_cat?post=3846"},{"taxonomy":"product_tag","embeddable":true,"href":"https:\/\/artestrece.com\/en\/wp-json\/wp\/v2\/product_tag?post=3846"}],"curies":[{"name":"wp","href":"https:\/\/api.w.org\/{rel}","templated":true}]}}