{"id":3859,"date":"2026-04-30T13:05:34","date_gmt":"2026-04-30T13:05:34","guid":{"rendered":"https:\/\/artestrece.com\/?post_type=product&#038;p=3859"},"modified":"2026-04-30T13:08:16","modified_gmt":"2026-04-30T13:08:16","slug":"flor-datura-print","status":"publish","type":"product","link":"https:\/\/artestrece.com\/en\/productos\/acuarelas\/print\/flor-datura-print\/","title":{"rendered":"Flor datura Print"},"content":{"rendered":"<p>Impresi\u00f3n art\u00edstica de flor datura print, decoraci\u00f3n bot\u00e1nica de estilo vintage.<\/p>\n<p>La Datura metel, conocida en muchos lugares como trompeta del diablo, ha estado rodeada de misterio durante siglos.<br \/>\nSe dice que esta flor crec\u00eda en los jardines de templos olvidados, como una presencia m\u00e1gica, asociada a sue\u00f1os intensos y leyendas de brujas que la usaban en sus conjuros.<\/p>\n<p>Impreso en mi estudio, a partir de mi obra original en acuarela, directamente del artista a tus manos. Hecho en papel de algod\u00f3n de 300 gramos, con calidad de museo y textura suave. Utilizo tintas de pigmentos naturales, lo que garantiza calidad y durabilidad sin alteraciones durante generaciones.<\/p>\n<p>Firmado a mano en la parte posterior.<\/p>\n<p><strong>Tama\u00f1os:<\/strong><br \/>\nTama\u00f1o A6: 10.5 x 14.8 cent\u00edmetros \/ 4.1 x 5.8 pulgadas<br \/>\nSize A5: 14.8 x 21 centimeters \/ 5.8 x 8.3 inches<br \/>\nSize A4: 21 x 29.7 centimeters \/ 8.3 x 11.7 inches<br \/>\nSize A3: 29.7 x 42 centimeters \/ 11.7 x 16.5 inches<\/p>\n<p>Preparar\u00e9 tu pedido cuidadosamente, protegi\u00e9ndolo con un sobre de cart\u00f3n r\u00edgido y reciclable. Adem\u00e1s, ir\u00e1 envuelto en un sobre de celof\u00e1n biodegradable para que llegue en perfectas condiciones.<\/p>","protected":false},"excerpt":{"rendered":"<p>Impresi\u00f3n art\u00edstica de flor datura, decoraci\u00f3n bot\u00e1nica de estilo vintage.<\/p>\n<p>La Datura metel, conocida en muchos lugares como trompeta del diablo, ha estado rodeada de misterio durante siglos.<br \/>\nSe dice que esta flor crec\u00eda en los jardines de templos olvidados, como una presencia m\u00e1gica, asociada a sue\u00f1os intensos y leyendas de brujas que la usaban en sus conjuros.<\/p>\n<p>Impreso en mi estudio, a partir de mi obra original en acuarela, directamente del artista a tus manos. Hecho en papel de algod\u00f3n de 300 gramos, con calidad de museo y textura suave. Utilizo tintas de pigmentos naturales, lo que garantiza calidad y durabilidad sin alteraciones durante generaciones.<\/p>\n<p>Firmado a mano en la parte posterior.<\/p>\n<p><strong>Tama\u00f1os:<\/strong><br \/>\nTama\u00f1o A6: 10.5 x 14.8 cent\u00edmetros \/ 4.1 x 5.8 pulgadas<br \/>\nSize A5: 14.8 x 21 centimeters \/ 5.8 x 8.3 inches<br \/>\nSize A4: 21 x 29.7 centimeters \/ 8.3 x 11.7 inches<br \/>\nSize A3: 29.7 x 42 centimeters \/ 11.7 x 16.5 inches<\/p>\n<p>Preparar\u00e9 tu pedido cuidadosamente, protegi\u00e9ndolo con un sobre de cart\u00f3n r\u00edgido y reciclable. Adem\u00e1s, ir\u00e1 envuelto en un sobre de celof\u00e1n biodegradable para que llegue en perfectas condiciones.<\/p>","protected":false},"featured_media":3865,"comment_status":"closed","ping_status":"closed","template":"","meta":{"_uag_custom_page_level_css":"","site-sidebar-layout":"default","site-content-layout":"","ast-site-content-layout":"default","site-content-style":"default","site-sidebar-style":"default","ast-global-header-display":"","ast-banner-title-visibility":"","ast-main-header-display":"","ast-hfb-above-header-display":"","ast-hfb-below-header-display":"","ast-hfb-mobile-header-display":"","site-post-title":"","ast-breadcrumbs-content":"","ast-featured-img":"","footer-sml-layout":"","theme-transparent-header-meta":"default","adv-header-id-meta":"","stick-header-meta":"default","header-above-stick-meta":"","header-main-stick-meta":"","header-below-stick-meta":"","astra-migrate-meta-layouts":"set","ast-page-background-enabled":"default","ast-page-background-meta":{"desktop":{"background-color":"","background-image":"","background-repeat":"repeat","background-position":"center center","background-size":"auto","background-attachment":"scroll","background-type":"","background-media":"","overlay-type":"","overlay-color":"","overlay-opacity":"","overlay-gradient":""},"tablet":{"background-color":"","background-image":"","background-repeat":"repeat","background-position":"center center","background-size":"auto","background-attachment":"scroll","background-type":"","background-media":"","overlay-type":"","overlay-color":"","overlay-opacity":"","overlay-gradient":""},"mobile":{"background-color":"","background-image":"","background-repeat":"repeat","background-position":"center center","background-size":"auto","background-attachment":"scroll","background-type":"","background-media":"","overlay-type":"","overlay-color":"","overlay-opacity":"","overlay-gradient":""}},"ast-content-background-meta":{"desktop":{"background-color":"var(--ast-global-color-5)","background-image":"","background-repeat":"repeat","background-position":"center center","background-size":"auto","background-attachment":"scroll","background-type":"","background-media":"","overlay-type":"","overlay-color":"","overlay-opacity":"","overlay-gradient":""},"tablet":{"background-color":"var(--ast-global-color-5)","background-image":"","background-repeat":"repeat","background-position":"center center","background-size":"auto","background-attachment":"scroll","background-type":"","background-media":"","overlay-type":"","overlay-color":"","overlay-opacity":"","overlay-gradient":""},"mobile":{"background-color":"var(--ast-global-color-5)","background-image":"","background-repeat":"repeat","background-position":"center center","background-size":"auto","background-attachment":"scroll","background-type":"","background-media":"","overlay-type":"","overlay-color":"","overlay-opacity":"","overlay-gradient":""}}},"product_cat":[25],"product_tag":[],"class_list":{"0":"post-3859","1":"product","2":"type-product","3":"status-publish","4":"has-post-thumbnail","6":"product_cat-print","7":"desktop-align-left","8":"tablet-align-left","9":"mobile-align-left","10":"ast-product-gallery-layout-horizontal-slider","11":"ast-magnify-disabled","12":"ast-product-single-variable","13":"ast-qv-on-image","15":"first","16":"instock","17":"taxable","18":"shipping-taxable","19":"purchasable","20":"product-type-variable"},"uagb_featured_image_src":{"full":["https:\/\/artestrece.com\/wp-content\/uploads\/2026\/04\/IMG_8824-scaled.jpg",1920,2560,false],"thumbnail":["https:\/\/artestrece.com\/wp-content\/uploads\/2026\/04\/IMG_8824-287x287.jpg",287,287,true],"medium":["https:\/\/artestrece.com\/wp-content\/uploads\/2026\/04\/IMG_8824-215x287.jpg",215,287,true],"medium_large":["https:\/\/artestrece.com\/wp-content\/uploads\/2026\/04\/IMG_8824-768x1024.jpg",768,1024,true],"large":["https:\/\/artestrece.com\/wp-content\/uploads\/2026\/04\/IMG_8824-768x1024.jpg",768,1024,true],"1536x1536":["https:\/\/artestrece.com\/wp-content\/uploads\/2026\/04\/IMG_8824-1152x1536.jpg",1152,1536,true],"2048x2048":["https:\/\/artestrece.com\/wp-content\/uploads\/2026\/04\/IMG_8824-1536x2048.jpg",1536,2048,true],"trp-custom-language-flag":["https:\/\/artestrece.com\/wp-content\/uploads\/2026\/04\/IMG_8824-9x12.jpg",9,12,true],"woocommerce_thumbnail":["https:\/\/artestrece.com\/wp-content\/uploads\/2026\/04\/IMG_8824-400x400.jpg",400,400,true],"woocommerce_single":["https:\/\/artestrece.com\/wp-content\/uploads\/2026\/04\/IMG_8824-600x800.jpg",600,800,true],"woocommerce_gallery_thumbnail":["https:\/\/artestrece.com\/wp-content\/uploads\/2026\/04\/IMG_8824-100x100.jpg",100,100,true],"variation_swatches_image_size":["https:\/\/artestrece.com\/wp-content\/uploads\/2026\/04\/IMG_8824-50x50.jpg",50,50,true],"variation_swatches_tooltip_size":["https:\/\/artestrece.com\/wp-content\/uploads\/2026\/04\/IMG_8824-100x100.jpg",100,100,true]},"uagb_author_info":{"display_name":"Diana Web","author_link":"https:\/\/artestrece.com\/en\/author\/"},"uagb_comment_info":0,"uagb_excerpt":"Impresi\u00f3n art\u00edstica de flor datura, decoraci\u00f3n bot\u00e1nica de estilo vintage. La Datura metel, conocida en muchos lugares como trompeta del diablo, ha estado rodeada de misterio durante siglos. Se dice que esta flor crec\u00eda en los jardines de templos olvidados, como una presencia m\u00e1gica, asociada a sue\u00f1os intensos y leyendas de brujas que la usaban&hellip;","_links":{"self":[{"href":"https:\/\/artestrece.com\/en\/wp-json\/wp\/v2\/product\/3859","targetHints":{"allow":["GET"]}}],"collection":[{"href":"https:\/\/artestrece.com\/en\/wp-json\/wp\/v2\/product"}],"about":[{"href":"https:\/\/artestrece.com\/en\/wp-json\/wp\/v2\/types\/product"}],"replies":[{"embeddable":true,"href":"https:\/\/artestrece.com\/en\/wp-json\/wp\/v2\/comments?post=3859"}],"wp:featuredmedia":[{"embeddable":true,"href":"https:\/\/artestrece.com\/en\/wp-json\/wp\/v2\/media\/3865"}],"wp:attachment":[{"href":"https:\/\/artestrece.com\/en\/wp-json\/wp\/v2\/media?parent=3859"}],"wp:term":[{"taxonomy":"product_cat","embeddable":true,"href":"https:\/\/artestrece.com\/en\/wp-json\/wp\/v2\/product_cat?post=3859"},{"taxonomy":"product_tag","embeddable":true,"href":"https:\/\/artestrece.com\/en\/wp-json\/wp\/v2\/product_tag?post=3859"}],"curies":[{"name":"wp","href":"https:\/\/api.w.org\/{rel}","templated":true}]}}